{"id":686,"date":"2022-04-05T19:18:59","date_gmt":"2022-04-05T19:18:59","guid":{"rendered":"http:\/\/www.bel-etage-projects.com\/wp_be\/?page_id=686"},"modified":"2026-03-25T10:46:38","modified_gmt":"2026-03-25T10:46:38","slug":"impressum","status":"publish","type":"page","link":"https:\/\/www.bel-etage-projects.com\/wp_be\/impressum\/","title":{"rendered":"Impressum"},"content":{"rendered":"\n<p>Angaben gem\u00e4\u00df \u00a7 5 DDG:<\/p>\n\n\n\n<p>STUDIO 246 \/ BEL ETAGE <\/p>\n\n\n\n<p>Artistic Director: Agnieszka Brzezanska<br>Kunstquartier Bethanien<br>Mariannenplatz 2<br>10997 Berlin D<\/p>\n\n\n\n<p><\/p>\n\n\n\n<p>E-Mail: info@bel-etage-projects.com<br>Telefon: +49 30 23613314\u202c<\/p>\n\n\n\n<p><a href=\"http:\/\/www.bel-etage-projects.com\/wp_be\/?page_id=690\" data-type=\"page\" data-id=\"690\">Datenschutzerkl\u00e4rung<\/a> | <a href=\"http:\/\/www.bel-etage-projects.com\/wp_be\/?page_id=688\" data-type=\"page\" data-id=\"688\">Haftungsausschlu\u00df<\/a> | <a href=\"#consent-change\">Privatsph\u00e4re-Einstellungen<\/a><\/p>\n","protected":false},"excerpt":{"rendered":"<p>Angaben gem\u00e4\u00df \u00a7 5 DDG: STUDIO 246 \/ BEL ETAGE Artistic Director: Agnieszka BrzezanskaKunstquartier BethanienMariannenplatz 210997 Berlin D E-Mail: info@bel-etage-projects.comTelefon: +49 30 23613314\u202c Datenschutzerkl\u00e4rung | Haftungsausschlu\u00df | Privatsph\u00e4re-Einstellungen<\/p>\n","protected":false},"author":2,"featured_media":0,"parent":0,"menu_order":0,"comment_status":"closed","ping_status":"closed","template":"","meta":{"footnotes":""},"class_list":["post-686","page","type-page","status-publish","hentry"],"_links":{"self":[{"href":"https:\/\/www.bel-etage-projects.com\/wp_be\/wp-json\/wp\/v2\/pages\/686","targetHints":{"allow":["GET"]}}],"collection":[{"href":"https:\/\/www.bel-etage-projects.com\/wp_be\/wp-json\/wp\/v2\/pages"}],"about":[{"href":"https:\/\/www.bel-etage-projects.com\/wp_be\/wp-json\/wp\/v2\/types\/page"}],"author":[{"embeddable":true,"href":"https:\/\/www.bel-etage-projects.com\/wp_be\/wp-json\/wp\/v2\/users\/2"}],"replies":[{"embeddable":true,"href":"https:\/\/www.bel-etage-projects.com\/wp_be\/wp-json\/wp\/v2\/comments?post=686"}],"version-history":[{"count":8,"href":"https:\/\/www.bel-etage-projects.com\/wp_be\/wp-json\/wp\/v2\/pages\/686\/revisions"}],"predecessor-version":[{"id":1037,"href":"https:\/\/www.bel-etage-projects.com\/wp_be\/wp-json\/wp\/v2\/pages\/686\/revisions\/1037"}],"wp:attachment":[{"href":"https:\/\/www.bel-etage-projects.com\/wp_be\/wp-json\/wp\/v2\/media?parent=686"}],"curies":[{"name":"wp","href":"https:\/\/api.w.org\/{rel}","templated":true}]}}