{"id":364,"date":"2017-02-26T18:01:20","date_gmt":"2017-02-26T18:01:20","guid":{"rendered":"http:\/\/www.bel-etage-projects.com\/wp_be\/?page_id=364"},"modified":"2026-02-07T20:47:49","modified_gmt":"2026-02-07T20:47:49","slug":"2014-2","status":"publish","type":"page","link":"https:\/\/www.bel-etage-projects.com\/wp_be\/exhibitions\/2014-2\/","title":{"rendered":"2015"},"content":{"rendered":"\n<h1 class=\"wp-block-heading\">BEL ETAGE &#8211; building facades &amp; public space, Rosa-Luxemburg-Platz<\/h1>\n\n\n\n<p>K\u00fcnstlerische Praxis am Schnittpunkt zwischen Kunst und diversen \u00d6ffentlichkeiten.<br>Die K\u00fcnstler in der Ausstellung beziehen sich auf eine lange Geschichte der k\u00fcnstlerischen Praxis, wo der Ort der Unterbringung untrennbar ist von dem Kunstst\u00fcck selbst. Hier wird der Innenraum der Geb\u00e4ude dem Aussenraum der selben Geb\u00e4ude (die Fassade) gegen\u00fcber gestellt. Auch der \u00f6ffentliche Freiraum (die Strasse) wird mit dem privatem Freiraum konfrontiert.<br>Die Inanspruchnahme von Grund-, Bau-, Raum &#8211; st\u00fccken ist gew\u00f6hnlich ein M\u00e4rchen von dem kleinem individuellen Kampf gegen einem gr\u00f6\u00dferem System, welche dann oft erleidet schwere Niederlagen. Es ist verf\u00fchrerisch einer Standortbestimmung nachzugehen. Wo situieren sich die K\u00fcnstlerlnnen (?), zwischen geschickter Selbstvermarktung und sozialem Bewusstsein, an den R\u00e4ndern des Kunstsystems oder mittendrin?<br>Ist der Ausbruch aus den musealen Hallen nur eine Ausdehnung der Museumsmauern, eine werbetr\u00e4chtige Ausstellungsstrategie unter vielen, im Zuge der Eventkultur?<br>Wie hat sich die orts- und kontextspezifische Kunst in einer hochmediatisierten Zeit<br>ver\u00e4ndert, in der virtuelle Welten und reale Orte und K\u00f6rper nahtlos ineinander \u00fcbergehen?<\/p>\n\n\n\n<p>Wird Kunst auch von Nicht-Insidern wahrgenommen und gesch\u00e4tzt, nur weil sie auf dem Weg liegt?<\/p>\n\n\n<div class=\"wp-block-image\">\n<figure class=\"aligncenter is-resized\"><a href=\"http:\/\/www.bel-etage-projects.com\/wp_be\/wp-content\/uploads\/2014\/06\/MG_0934.jpg\" rel=\"lightbox[364]\"><img loading=\"lazy\" decoding=\"async\" width=\"200\" height=\"300\" src=\"http:\/\/www.bel-etage-projects.com\/wp_be\/wp-content\/uploads\/2014\/06\/MG_0934-200x300.jpg\" alt=\"_MG_0934\" class=\"wp-image-238\" style=\"width:402px;height:auto\" srcset=\"https:\/\/www.bel-etage-projects.com\/wp_be\/wp-content\/uploads\/2014\/06\/MG_0934-200x300.jpg 200w, https:\/\/www.bel-etage-projects.com\/wp_be\/wp-content\/uploads\/2014\/06\/MG_0934-682x1024.jpg 682w, https:\/\/www.bel-etage-projects.com\/wp_be\/wp-content\/uploads\/2014\/06\/MG_0934.jpg 1667w\" sizes=\"auto, (max-width: 200px) 100vw, 200px\" \/><\/a><\/figure>\n<\/div>\n\n<div class=\"wp-block-image\">\n<figure class=\"alignleft is-resized\"><a href=\"http:\/\/www.bel-etage-projects.com\/wp_be\/wp-content\/uploads\/2014\/06\/P9171145.jpg\" rel=\"lightbox[364]\"><img loading=\"lazy\" decoding=\"async\" width=\"300\" height=\"225\" src=\"http:\/\/www.bel-etage-projects.com\/wp_be\/wp-content\/uploads\/2014\/06\/P9171145-300x225.jpg\" alt=\"OLYMPUS DIGITAL CAMERA\" class=\"wp-image-239\" style=\"width:411px;height:auto\" srcset=\"https:\/\/www.bel-etage-projects.com\/wp_be\/wp-content\/uploads\/2014\/06\/P9171145-300x225.jpg 300w, https:\/\/www.bel-etage-projects.com\/wp_be\/wp-content\/uploads\/2014\/06\/P9171145-1024x768.jpg 1024w\" sizes=\"auto, (max-width: 300px) 100vw, 300px\" \/><\/a><\/figure>\n<\/div>\n\n<div class=\"wp-block-image\">\n<figure class=\"aligncenter is-resized\"><a href=\"http:\/\/www.bel-etage-projects.com\/wp_be\/wp-content\/uploads\/2014\/06\/P9171117.jpg\" rel=\"lightbox[364]\"><img loading=\"lazy\" decoding=\"async\" width=\"300\" height=\"225\" src=\"http:\/\/www.bel-etage-projects.com\/wp_be\/wp-content\/uploads\/2014\/06\/P9171117-300x225.jpg\" alt=\"OLYMPUS DIGITAL CAMERA\" class=\"wp-image-240\" style=\"width:404px;height:auto\" srcset=\"https:\/\/www.bel-etage-projects.com\/wp_be\/wp-content\/uploads\/2014\/06\/P9171117-300x225.jpg 300w, https:\/\/www.bel-etage-projects.com\/wp_be\/wp-content\/uploads\/2014\/06\/P9171117-1024x768.jpg 1024w\" sizes=\"auto, (max-width: 300px) 100vw, 300px\" \/><\/a><\/figure>\n<\/div>\n\n\n<p><a href=\"http:\/\/www.bel-etage-projects.com\/wp_be\/wp-content\/uploads\/2014\/06\/Alexej3.jpg\" rel=\"lightbox[364]\"><\/a><\/p>\n","protected":false},"excerpt":{"rendered":"<p>BEL ETAGE &#8211; building facades &amp; public space, Rosa-Luxemburg-Platz K\u00fcnstlerische Praxis am Schnittpunkt zwischen Kunst und diversen \u00d6ffentlichkeiten.Die K\u00fcnstler in der Ausstellung beziehen sich auf eine lange Geschichte der k\u00fcnstlerischen Praxis, wo der Ort der Unterbringung untrennbar ist von dem Kunstst\u00fcck selbst. Hier wird der Innenraum der Geb\u00e4ude dem Aussenraum der selben Geb\u00e4ude (die Fassade) [&hellip;]<\/p>\n","protected":false},"author":2,"featured_media":0,"parent":6,"menu_order":15,"comment_status":"closed","ping_status":"closed","template":"","meta":{"footnotes":""},"class_list":["post-364","page","type-page","status-publish","hentry"],"_links":{"self":[{"href":"https:\/\/www.bel-etage-projects.com\/wp_be\/wp-json\/wp\/v2\/pages\/364","targetHints":{"allow":["GET"]}}],"collection":[{"href":"https:\/\/www.bel-etage-projects.com\/wp_be\/wp-json\/wp\/v2\/pages"}],"about":[{"href":"https:\/\/www.bel-etage-projects.com\/wp_be\/wp-json\/wp\/v2\/types\/page"}],"author":[{"embeddable":true,"href":"https:\/\/www.bel-etage-projects.com\/wp_be\/wp-json\/wp\/v2\/users\/2"}],"replies":[{"embeddable":true,"href":"https:\/\/www.bel-etage-projects.com\/wp_be\/wp-json\/wp\/v2\/comments?post=364"}],"version-history":[{"count":9,"href":"https:\/\/www.bel-etage-projects.com\/wp_be\/wp-json\/wp\/v2\/pages\/364\/revisions"}],"predecessor-version":[{"id":1004,"href":"https:\/\/www.bel-etage-projects.com\/wp_be\/wp-json\/wp\/v2\/pages\/364\/revisions\/1004"}],"up":[{"embeddable":true,"href":"https:\/\/www.bel-etage-projects.com\/wp_be\/wp-json\/wp\/v2\/pages\/6"}],"wp:attachment":[{"href":"https:\/\/www.bel-etage-projects.com\/wp_be\/wp-json\/wp\/v2\/media?parent=364"}],"curies":[{"name":"wp","href":"https:\/\/api.w.org\/{rel}","templated":true}]}}