{"id":32,"date":"2014-04-24T11:20:10","date_gmt":"2014-04-24T11:20:10","guid":{"rendered":"http:\/\/www.bel-etage-projects.com\/wp_be\/?page_id=32"},"modified":"2021-10-29T15:54:27","modified_gmt":"2021-10-29T15:54:27","slug":"32-2","status":"publish","type":"page","link":"https:\/\/www.bel-etage-projects.com\/wp_be\/exhibitions\/32-2\/","title":{"rendered":"2019"},"content":{"rendered":"<h3 style=\"text-align: center;\">BEL ETAGE raises questions about the sense of HOSTIPITALITY, Copyright @ Jacques Derrida.<\/h3>\n<p style=\"text-align: center;\"><a href=\"http:\/\/www.bel-etage-projects.com\/wp_be\/wp-content\/uploads\/2014\/04\/heimL.jpg\" rel=\"lightbox[32]\"><img loading=\"lazy\" decoding=\"async\" class=\"alignnone wp-image-345\" src=\"http:\/\/www.bel-etage-projects.com\/wp_be\/wp-content\/uploads\/2014\/04\/heimL.jpg\" alt=\"heiml\" width=\"672\" height=\"328\" srcset=\"https:\/\/www.bel-etage-projects.com\/wp_be\/wp-content\/uploads\/2014\/04\/heimL.jpg 706w, https:\/\/www.bel-etage-projects.com\/wp_be\/wp-content\/uploads\/2014\/04\/heimL-300x147.jpg 300w\" sizes=\"auto, (max-width: 672px) 100vw, 672px\" \/><\/a><\/p>\n<h2>GASTFEINDSCHAFT\u00a0@ Jacques Derrida<\/h2>\n<h2>AGNIESZKA BRZEZANSKA<br \/>\nEWA CIEPIELEWSKA<br \/>\nRENATA KAMINSKA<br \/>\nCATHERINE LORENT<br \/>\nMAIX MAYER<br \/>\nALEXEJ MESCHTSCHANOW<br \/>\nMANDLA REUTER<br \/>\nMARIA ADELE DEL VECCHIO<\/h2>\n<p style=\"text-align: center;\"><a href=\"http:\/\/www.bel-etage-projects.com\/wp_be\/wp-content\/uploads\/2018\/02\/IMG_2819.jpg\" rel=\"lightbox[32]\"><img loading=\"lazy\" decoding=\"async\" class=\"alignnone wp-image-536\" src=\"http:\/\/www.bel-etage-projects.com\/wp_be\/wp-content\/uploads\/2018\/02\/IMG_2819-300x157.jpg\" alt=\"\" width=\"650\" height=\"340\" srcset=\"https:\/\/www.bel-etage-projects.com\/wp_be\/wp-content\/uploads\/2018\/02\/IMG_2819-300x157.jpg 300w, https:\/\/www.bel-etage-projects.com\/wp_be\/wp-content\/uploads\/2018\/02\/IMG_2819-768x402.jpg 768w, https:\/\/www.bel-etage-projects.com\/wp_be\/wp-content\/uploads\/2018\/02\/IMG_2819-1024x536.jpg 1024w\" sizes=\"auto, (max-width: 650px) 100vw, 650px\" \/><\/a><\/p>\n<p style=\"text-align: center;\"><a href=\"http:\/\/www.bel-etage-projects.com\/wp_be\/wp-content\/uploads\/2018\/02\/IMG_2807.jpg\" rel=\"lightbox[32]\"><img loading=\"lazy\" decoding=\"async\" class=\"alignnone wp-image-527\" src=\"http:\/\/www.bel-etage-projects.com\/wp_be\/wp-content\/uploads\/2018\/02\/IMG_2807-300x99.jpg\" alt=\"\" width=\"657\" height=\"217\" srcset=\"https:\/\/www.bel-etage-projects.com\/wp_be\/wp-content\/uploads\/2018\/02\/IMG_2807-300x99.jpg 300w, https:\/\/www.bel-etage-projects.com\/wp_be\/wp-content\/uploads\/2018\/02\/IMG_2807-768x252.jpg 768w, https:\/\/www.bel-etage-projects.com\/wp_be\/wp-content\/uploads\/2018\/02\/IMG_2807-1024x337.jpg 1024w\" sizes=\"auto, (max-width: 657px) 100vw, 657px\" \/><\/a><a href=\"http:\/\/www.bel-etage-projects.com\/wp_be\/wp-content\/uploads\/2018\/02\/IMG_2810.jpg\" rel=\"lightbox[32]\"><img loading=\"lazy\" decoding=\"async\" class=\"alignnone wp-image-530\" src=\"http:\/\/www.bel-etage-projects.com\/wp_be\/wp-content\/uploads\/2018\/02\/IMG_2810-300x81.jpg\" alt=\"\" width=\"656\" height=\"177\" srcset=\"https:\/\/www.bel-etage-projects.com\/wp_be\/wp-content\/uploads\/2018\/02\/IMG_2810-300x81.jpg 300w, https:\/\/www.bel-etage-projects.com\/wp_be\/wp-content\/uploads\/2018\/02\/IMG_2810-768x207.jpg 768w, https:\/\/www.bel-etage-projects.com\/wp_be\/wp-content\/uploads\/2018\/02\/IMG_2810-1024x276.jpg 1024w\" sizes=\"auto, (max-width: 656px) 100vw, 656px\" \/><\/a><a href=\"http:\/\/www.bel-etage-projects.com\/wp_be\/wp-content\/uploads\/2018\/02\/IMG_2811.jpg\" rel=\"lightbox[32]\"><img loading=\"lazy\" decoding=\"async\" class=\"alignnone wp-image-531\" src=\"http:\/\/www.bel-etage-projects.com\/wp_be\/wp-content\/uploads\/2018\/02\/IMG_2811-300x172.jpg\" alt=\"\" width=\"640\" height=\"367\" srcset=\"https:\/\/www.bel-etage-projects.com\/wp_be\/wp-content\/uploads\/2018\/02\/IMG_2811-300x172.jpg 300w, https:\/\/www.bel-etage-projects.com\/wp_be\/wp-content\/uploads\/2018\/02\/IMG_2811-768x440.jpg 768w, https:\/\/www.bel-etage-projects.com\/wp_be\/wp-content\/uploads\/2018\/02\/IMG_2811-1024x587.jpg 1024w\" sizes=\"auto, (max-width: 640px) 100vw, 640px\" \/><\/a><a href=\"http:\/\/www.bel-etage-projects.com\/wp_be\/wp-content\/uploads\/2018\/02\/IMG_2818.jpg\" rel=\"lightbox[32]\"><img loading=\"lazy\" decoding=\"async\" class=\"alignnone size-medium wp-image-535\" src=\"http:\/\/www.bel-etage-projects.com\/wp_be\/wp-content\/uploads\/2018\/02\/IMG_2818-298x300.jpg\" alt=\"\" width=\"298\" height=\"300\" srcset=\"https:\/\/www.bel-etage-projects.com\/wp_be\/wp-content\/uploads\/2018\/02\/IMG_2818-298x300.jpg 298w, https:\/\/www.bel-etage-projects.com\/wp_be\/wp-content\/uploads\/2018\/02\/IMG_2818-150x150.jpg 150w, https:\/\/www.bel-etage-projects.com\/wp_be\/wp-content\/uploads\/2018\/02\/IMG_2818-768x773.jpg 768w, https:\/\/www.bel-etage-projects.com\/wp_be\/wp-content\/uploads\/2018\/02\/IMG_2818-1017x1024.jpg 1017w\" sizes=\"auto, (max-width: 298px) 100vw, 298px\" \/><\/a><a href=\"http:\/\/www.bel-etage-projects.com\/wp_be\/wp-content\/uploads\/2018\/02\/14354888_10154161343329877_5082255631571381368_n.jpg\" rel=\"lightbox[32]\"><img loading=\"lazy\" decoding=\"async\" class=\"alignnone size-medium wp-image-513\" src=\"http:\/\/www.bel-etage-projects.com\/wp_be\/wp-content\/uploads\/2018\/02\/14354888_10154161343329877_5082255631571381368_n-300x300.jpg\" alt=\"\" width=\"300\" height=\"300\" srcset=\"https:\/\/www.bel-etage-projects.com\/wp_be\/wp-content\/uploads\/2018\/02\/14354888_10154161343329877_5082255631571381368_n-300x300.jpg 300w, https:\/\/www.bel-etage-projects.com\/wp_be\/wp-content\/uploads\/2018\/02\/14354888_10154161343329877_5082255631571381368_n-150x150.jpg 150w, https:\/\/www.bel-etage-projects.com\/wp_be\/wp-content\/uploads\/2018\/02\/14354888_10154161343329877_5082255631571381368_n-768x768.jpg 768w, https:\/\/www.bel-etage-projects.com\/wp_be\/wp-content\/uploads\/2018\/02\/14354888_10154161343329877_5082255631571381368_n.jpg 960w\" sizes=\"auto, (max-width: 300px) 100vw, 300px\" \/><\/a><a href=\"http:\/\/www.bel-etage-projects.com\/wp_be\/wp-content\/uploads\/2018\/02\/14358809_1149253745140842_5625332458364374772_n.jpg\" rel=\"lightbox[32]\"><img loading=\"lazy\" decoding=\"async\" class=\"alignnone size-medium wp-image-517\" src=\"http:\/\/www.bel-etage-projects.com\/wp_be\/wp-content\/uploads\/2018\/02\/14358809_1149253745140842_5625332458364374772_n-225x300.jpg\" alt=\"\" width=\"225\" height=\"300\" srcset=\"https:\/\/www.bel-etage-projects.com\/wp_be\/wp-content\/uploads\/2018\/02\/14358809_1149253745140842_5625332458364374772_n-225x300.jpg 225w, https:\/\/www.bel-etage-projects.com\/wp_be\/wp-content\/uploads\/2018\/02\/14358809_1149253745140842_5625332458364374772_n.jpg 720w\" sizes=\"auto, (max-width: 225px) 100vw, 225px\" \/><\/a><\/p>\n<h2>2017 &#8211; 2019 \/\u00a0BEL ETAGE @ ship Heimatland \/\u00a0Inselbr\u00fccke \/\u00a010179 Berlin<\/h2>\n<p><a href=\"https:\/\/www.google.de\/maps\/place\/Inselbr%C3%BCcke\/@52.5135239,13.4085365,17z\/data=!3m1!4b1!4m5!3m4!1s0x47a84e269dde66cb:0x19c5f00ceed601e8!8m2!3d52.5135239!4d13.4107252\" target=\"_blank\" rel=\"noopener\">MAPS\u00a0<\/a><\/p>\n<h2><\/h2>\n<h2>GASTFEINDSCHAFT\/<\/h2>\n<p>Xenophobitality, ein Begriff von Jacques Derrida, der zeigt, wie eng die Gastlichkeit mit der Feindlichkeit verkn\u00fcpft ist. Dieser Begriff ist besonders zutreffend, f\u00fcr die Art und Weise, wie Zuwanderer behandelt werden, unabh\u00e4ngig davon, ob deren Aufenthalt legal ist oder nicht. Die ihnen gew\u00e4hrte Gastfreundschaft ist von Misstrauen unterf\u00fcttert, und leicht in die Feindseligkeit umwandelt.<br \/>\nDie Aufnahme von Fremden, dass ist das Thema der Zuwanderung, und oder, der Einstellung zur Fremdheit. Das Verh\u00e4ltnis zu der Fremdheit -heute ein wesentlicher Faktor f\u00fcr die Wandlung des Lebens &#8211; ist einer der wichtigsten und schwierigsten Problemen des zeitgen\u00f6ssischen Gesellschaft. Der Verlust der geographischen Zugeh\u00f6rigkeit erzeugt einen Zustand, in dem die Vertrautheit und Geborgenheit transportabel und mobil geworden ist. Sie ist individuell definiert und nur in kleineren Dimensionen erreichbar.<br \/>\nDie k\u00fcnstlerische Arbeiten, Interventionen und Projekte, in dem Kontext, entstehen aus dem Blickwinkel der Bildenden Kunst, als eine Reihe individuellen, subjektiven Perspektiven. Sie ben\u00fctzen den Stadt-, und vor allem den Flu\u00df-raum, und positionieren sich u.a. als Installationen, Videos, Fotografie, Skulptur, Performance und Sound.<br \/>\nFl\u00fcsse gingen vom Paradies ab. In den fruchtbaren Flusst\u00e4lern entstanden die ersten Kulturen der Menschheit. Hier entwickelten sich wichtige Verkehrs- und Handelswege und die Nutzung der Wasserkraft war ein wichtiger Faktor zur Entfaltung von Manufakturen und Industrie. Die enge Verbindung zwischen Flie\u00dfgew\u00e4sser und Kultur ist auch heute noch nachvollziehbar bis in die kleinste Ver\u00e4stelung des globalen Wassersystems.<br \/>\nDie zeitgen\u00f6ssische Kunst im \u00f6ffentlichen Raum ist ein Speicher des Wissens und der Kunst der Gegenwart und j\u00fcngsten Vergangenheit, eine unermessliche Summe der vielf\u00e4ltige Erfahrungen und Geschichten von K\u00fcnstlern und ihren Werken, die jeweiligen Zielgruppen, sowie alle beteiligten Personen.<br \/>\nIn welcher Weise kann diese Vergangenheit mit der Gegenwart relativiert werden, befreit von seinen Grenzen entlang einer linearen-Zeitachse?<\/p>\n<p>BEL ETAGE raises questions about the sense of HOSTIPITALITY \/ Copyright @ Jacques Derrida.<br \/>\nUm die Verflochtenheit von Feindseligkeit und Gastfreundschaft aufzuzeigen, pr\u00e4gte Derrida<br \/>\nden Begriff hostipitality:<br \/>\nhospis &#8211; Gastgeber<br \/>\nhostis &#8211; Feind<\/p>\n<h3><span id=\"result_box\" class=\"short_text\" lang=\"en\"><span class=\"\">\u00a0<\/span><\/span><\/h3>\n","protected":false},"excerpt":{"rendered":"<p>BEL ETAGE raises questions about the sense of HOSTIPITALITY, Copyright @ Jacques Derrida. GASTFEINDSCHAFT\u00a0@ Jacques Derrida AGNIESZKA BRZEZANSKA EWA CIEPIELEWSKA RENATA KAMINSKA CATHERINE LORENT MAIX MAYER ALEXEJ MESCHTSCHANOW MANDLA REUTER MARIA ADELE DEL VECCHIO 2017 &#8211; 2019 \/\u00a0BEL ETAGE @ ship Heimatland \/\u00a0Inselbr\u00fccke \/\u00a010179 Berlin MAPS\u00a0 GASTFEINDSCHAFT\/ Xenophobitality, ein Begriff von Jacques Derrida, der zeigt, [&hellip;]<\/p>\n","protected":false},"author":2,"featured_media":0,"parent":6,"menu_order":10,"comment_status":"closed","ping_status":"closed","template":"","meta":{"footnotes":""},"class_list":["post-32","page","type-page","status-publish","hentry"],"_links":{"self":[{"href":"https:\/\/www.bel-etage-projects.com\/wp_be\/wp-json\/wp\/v2\/pages\/32","targetHints":{"allow":["GET"]}}],"collection":[{"href":"https:\/\/www.bel-etage-projects.com\/wp_be\/wp-json\/wp\/v2\/pages"}],"about":[{"href":"https:\/\/www.bel-etage-projects.com\/wp_be\/wp-json\/wp\/v2\/types\/page"}],"author":[{"embeddable":true,"href":"https:\/\/www.bel-etage-projects.com\/wp_be\/wp-json\/wp\/v2\/users\/2"}],"replies":[{"embeddable":true,"href":"https:\/\/www.bel-etage-projects.com\/wp_be\/wp-json\/wp\/v2\/comments?post=32"}],"version-history":[{"count":60,"href":"https:\/\/www.bel-etage-projects.com\/wp_be\/wp-json\/wp\/v2\/pages\/32\/revisions"}],"predecessor-version":[{"id":564,"href":"https:\/\/www.bel-etage-projects.com\/wp_be\/wp-json\/wp\/v2\/pages\/32\/revisions\/564"}],"up":[{"embeddable":true,"href":"https:\/\/www.bel-etage-projects.com\/wp_be\/wp-json\/wp\/v2\/pages\/6"}],"wp:attachment":[{"href":"https:\/\/www.bel-etage-projects.com\/wp_be\/wp-json\/wp\/v2\/media?parent=32"}],"curies":[{"name":"wp","href":"https:\/\/api.w.org\/{rel}","templated":true}]}}