{"id":123,"date":"2014-04-25T08:09:53","date_gmt":"2014-04-25T08:09:53","guid":{"rendered":"http:\/\/www.bel-etage-projects.com\/wp_be\/?page_id=123"},"modified":"2026-02-10T09:10:58","modified_gmt":"2026-02-10T09:10:58","slug":"artist-talk-at-art-forum","status":"publish","type":"page","link":"https:\/\/www.bel-etage-projects.com\/wp_be\/exhibitions\/2010-2\/artist-talk-at-art-forum\/","title":{"rendered":"ARTIST TALK at Art Forum 2010"},"content":{"rendered":"\n<p>TEILNEHMER:<\/p>\n<p> BEL ETAGE, Berlin<\/p>\n<p> Julieta Aranda<\/p>\n<\/p>K\u00fcnstlerin und ist Co-Initiatorin von e-flux. Zusammen mit Anton Vidokle und Magdalena Magiera betrieb sie zwischen 2008\/2009 in Berlin das Projekt \u201ethe building\u201d. Sie lebt in New York und Berlin<\/p>\n<p> Tjorg Douglas Beer<\/p>\n<\/p>K\u00fcnstler, betreibt die \u201eGalerie im Regierungsviertel\u201d, Berlin und das \u201eThe Forgotten Bar Project\u201d, Berlin. Er lebt und arbeitet in Berlin.<\/p>\n<p> Emanuel Rossetti<\/p>\n<\/p>K\u00fcnstler, betreibt zusammen mit Daniel Baumann, Tobias Madison und Dan Solbach \u201eNew Jerseyy\u201d . Er lebt und arbeitet in Basel und Z\u00fcrich.<\/p>\n\n<p>MODERATION:<br>\nDieter Roelstraete ist Kurator am MuHKA Antwerpen sowie Editor von Afterall; er ist Contributing Editor von A Prior Magazine und FR David, au\u00dferdem unterrichtet er am Piet Zwart Institute in Rotterdam und am De Appel in Amsterdam. Er lebt und arbeitet in Antwerpen und Berlin.<\/p>\n<figure><img loading=\"lazy\" decoding=\"async\" title=\"101009_draper_002\" src=\"http:\/\/bel-etage-projects.com\/wp_be\/wp-content\/uploads\/2010\/05\/101009_draper_002.jpg\" alt=\"101009_draper_002\" width=\"640\" height=\"427\"><\/figure><p><\/p>\n<\/div>\n<p>Im Rahmen der Berlin Talks 2010 veranstaltete Bel Etage Berlin auf Einladung des Art Forum Berlin ein Gespr\u00e4ch \u00fcber K\u00fcnstlerbetriebene Projektr\u00e4ume und ihre Strategien und Beweggr\u00fcnde.<\/p>\n<p>Mit \u201eFighting Fire with Fire\u201d sollte angesprochen werden, warum K\u00fcnstler K\u00fcnstler neben ihrer Kunst Projektr\u00e4ume betreiben, was der Unterschied zu Galerien oder Institutionen ist, wie sich Projekte dieser Art finanzieren oder wie lange ein Projekt dieser Art \u201eam Leben\u201d bleibt.<\/p>\n<figure><img loading=\"lazy\" decoding=\"async\" title=\"101009_draper_004\" src=\"http:\/\/bel-etage-projects.com\/wp_be\/wp-content\/uploads\/2010\/05\/101009_draper_004.jpg\" alt=\"101009_draper_004\" width=\"640\" height=\"427\"><\/figure><p> <\/p>\n\n\n\n\n<p><\/p>\n","protected":false},"excerpt":{"rendered":"<p>TEILNEHMER: BEL ETAGE, Berlin Julieta Aranda K\u00fcnstlerin und ist Co-Initiatorin von e-flux. Zusammen mit Anton Vidokle und Magdalena Magiera betrieb sie zwischen 2008\/2009 in Berlin das Projekt \u201ethe building\u201d. Sie lebt in New York und Berlin Tjorg Douglas Beer K\u00fcnstler, betreibt die \u201eGalerie im Regierungsviertel\u201d, Berlin und das \u201eThe Forgotten Bar Project\u201d, Berlin. Er lebt [&hellip;]<\/p>\n","protected":false},"author":2,"featured_media":0,"parent":10,"menu_order":4,"comment_status":"closed","ping_status":"closed","template":"","meta":{"footnotes":""},"class_list":["post-123","page","type-page","status-publish","hentry"],"_links":{"self":[{"href":"https:\/\/www.bel-etage-projects.com\/wp_be\/wp-json\/wp\/v2\/pages\/123","targetHints":{"allow":["GET"]}}],"collection":[{"href":"https:\/\/www.bel-etage-projects.com\/wp_be\/wp-json\/wp\/v2\/pages"}],"about":[{"href":"https:\/\/www.bel-etage-projects.com\/wp_be\/wp-json\/wp\/v2\/types\/page"}],"author":[{"embeddable":true,"href":"https:\/\/www.bel-etage-projects.com\/wp_be\/wp-json\/wp\/v2\/users\/2"}],"replies":[{"embeddable":true,"href":"https:\/\/www.bel-etage-projects.com\/wp_be\/wp-json\/wp\/v2\/comments?post=123"}],"version-history":[{"count":11,"href":"https:\/\/www.bel-etage-projects.com\/wp_be\/wp-json\/wp\/v2\/pages\/123\/revisions"}],"predecessor-version":[{"id":1028,"href":"https:\/\/www.bel-etage-projects.com\/wp_be\/wp-json\/wp\/v2\/pages\/123\/revisions\/1028"}],"up":[{"embeddable":true,"href":"https:\/\/www.bel-etage-projects.com\/wp_be\/wp-json\/wp\/v2\/pages\/10"}],"wp:attachment":[{"href":"https:\/\/www.bel-etage-projects.com\/wp_be\/wp-json\/wp\/v2\/media?parent=123"}],"curies":[{"name":"wp","href":"https:\/\/api.w.org\/{rel}","templated":true}]}}