{"id":690,"date":"2022-04-05T19:20:41","date_gmt":"2022-04-05T19:20:41","guid":{"rendered":"http:\/\/www.bel-etage-projects.com\/wp_be\/?page_id=690"},"modified":"2025-10-18T09:40:50","modified_gmt":"2025-10-18T09:40:50","slug":"datenschutzerklarung","status":"publish","type":"page","link":"http:\/\/www.bel-etage-projects.com\/wp_be\/datenschutzerklarung\/","title":{"rendered":"Datenschutzerkl\u00e4rung"},"content":{"rendered":"\n<p>Wir freuen uns \u00fcber Ihren Besuch auf unserer Webseite sowie Ihr damit verbundenes Interesse an unserer Arbeit. Der Schutz Ihrer personenbezogenen Daten ist f\u00fcr uns sehr wichtig. Renata Kaminska (nachfolgend \u201eRenata Kaminska\u201c, \u201ewir\u201c oder \u201euns\u201c) legt gro\u00dfen Wert auf die Sicherheit der Daten der Nutzer und die Einhaltung datenschutzrechtlicher Bestimmungen.<\/p>\n\n\n\n<h5 class=\"wp-block-heading\" id=\"da25\">Kontaktdaten des Verantwortlichen <\/h5>\n\n\n\n<p>Verantwortlicher Anbieter dieses Internetauftritts im datenschutzrechtlichen Sinne ist:<\/p>\n\n\n\n<p>Renata Kaminska<br>Rosa Luxemburg Str. 16<br>10178 Berlin<br>Deutschland<\/p>\n\n\n\n<p>E-Mail: <a href=\"mailto:info@bel-etage-projects.com\">info@bel-etage-projects.com<\/a><br>Telefon: +49 30 23613314\u202c<\/p>\n\n\n\n<h5 class=\"wp-block-heading\" id=\"da0\">Begriffe<\/h5>\n\n\n\n<p>Die in dieser Datenschutzerkl\u00e4rung verwendeten Fachbegriffe sind so zu verstehen, wie sie in Art. 4 DSGVO legaldefiniert sind.<\/p>\n\n\n\n<h5 class=\"wp-block-heading\" id=\"da1\">Grunds\u00e4tze bei Erhebung und Verarbeitung von personenbezogenen Daten<\/h5>\n\n\n\n<p>Eine Nutzung unserer Internetseiten ist grunds\u00e4tzlich ohne jede Angabe personenbezogener Daten m\u00f6glich. Sofern Sie besondere Services von uns \u00fcber unsere Internetseite in Anspruch nehmen m\u00f6chten, kann die Verarbeitung personenbezogener Daten erforderlich werden. Ist die Verarbeitung personenbezogener Daten erforderlich und besteht f\u00fcr eine solche Verarbeitung keine gesetzliche Grundlage, holen wir eine Einwilligung der betroffenen Person ein.<\/p>\n\n\n\n<h4 class=\"wp-block-heading\" id=\"da2\">Automatisierte Datenerhebung<\/h4>\n\n\n\n<p>Sie k\u00f6nnen unsere Seite besuchen, ohne aktiv Angaben zu Ihrer Person zu machen. Wir speichern jedoch automatisch mit jedem Aufruf der Internetseite Zugriffsdaten (Server-Log-Dateien) wie z.B. den Namen Ihres Internet Service Providers, das verwendete Betriebssystem, die Webseite, von der aus Sie uns besuchen, das Datum und die Dauer des Besuchs oder den Namen der angeforderten Datei, sowie aus Sicherheitsgr\u00fcnden, z. B. zur Erkennung von Angriffen auf unsere Webseiten, die IP-Adresse des verwendeten Computers f\u00fcr die Dauer von 14 Tagen. Diese Daten werden ausschlie\u00dflich zur Verbesserung unseres Angebotes ausgewertet und erlauben keine R\u00fcckschl\u00fcsse auf Ihre Person. Eine Zusammenf\u00fchrung dieser Daten mit anderen Datenquellen wird nicht vorgenommen. Rechtsgrundlage f\u00fcr die Verarbeitung der Daten ist Art. 6 Abs. 1 lit. f) DSGVO. Die Daten verarbeiten und nutzen wir f\u00fcr folgende Zwecke:<br>1. Bereitstellung der Webseite von Renata Kaminska,<br>2. Verbesserung unserer Webseiten und<br>3. Verhinderung und Erkennung von Fehlern\/Fehlfunktionen sowie von Missbrauch der Webseiten.<br>Die Datenverarbeitung dieser Art erfolgt entweder zur Erf\u00fcllung des Vertrags \u00fcber die Nutzung der Webseite von Renata Kaminska oder wir verfolgen ein berechtigtes Interesse daran, die Funktionalit\u00e4t und den fehlerfreien Betrieb der Webseite von Renata Kaminska sicherzustellen sowie diese Webseiten an die Anforderungen der Benutzer anzupassen.<\/p>\n\n\n\n<h4 class=\"wp-block-heading\" id=\"da3\">Cookie-basierte Dienste<\/h4>\n\n\n\n<h5 class=\"wp-block-heading\" id=\"da4\">Allgemeiner Einsatz von Cookies und Opt-Out<\/h5>\n\n\n\n<p>Um den Besuch unserer Webseite attraktiv zu gestalten und die Nutzung bestimmter Funktionen zu erm\u00f6glichen, verwenden wir auf unseren Webseiten sogenannte Cookies. Das Verwenden von Cookies dient unserem berechtigten Interesse, Ihnen den Besuch unserer Website so angenehm wie m\u00f6glich zu gestalten und beruht auf Art. 6 Abs. 1 lit. f) DSGVO. Bei Cookies handelt es sich um eine Standard-Internettechnologie zum Speichern und Abrufen von Login- und anderen Nutzungsinformationen f\u00fcr alle Benutzer der Webseite von Renata Kaminska. Cookies sind kleine Textdateien, die auf Ihrem Endger\u00e4t abgelegt werden. Sie erm\u00f6glichen es uns u. a. Benutzereinstellungen zu speichern, damit unsere Webseiten in einem auf Ihr Ger\u00e4t zugeschnittenen Format angezeigt werden k\u00f6nnen. Einige der von uns verwendeten Cookies werden nach dem Ende der Browser-Sitzung, also nach Schlie\u00dfen Ihres Browsers, wieder gel\u00f6scht (sog. Sitzungs-Cookies). Andere Cookies verbleiben auf Ihrem Endger\u00e4t und erm\u00f6glichen uns oder unseren Partnerunternehmen, Ihren Browser beim n\u00e4chsten Besuch wieder-zuerkennen (sog. dauerhafte Cookies). Sie k\u00f6nnen Ihren Browser so einstellen, dass Sie \u00fcber das Setzen von Cookies informiert werden und einzeln \u00fcber deren Annahmen entscheiden oder die Annahme von Cookies f\u00fcr bestimmte F\u00e4lle oder generell ausschlie\u00dfen k\u00f6nnen. Weiter k\u00f6nnen die Cookies im Nachhinein gel\u00f6scht werden, um Daten zu entfernen, die Webseiten auf Ihrem Computer abgelegt haben. Die Deaktivierung der Cookies kann zu einigen Einschr\u00e4nkungen der Funktionalit\u00e4t der Webseite von Renata Kaminska f\u00fchren.<br><br>Cookies deaktivieren oder entfernen (Opt-Out)<br><br>Webbrowser bieten M\u00f6glichkeiten, um Cookies einzuschr\u00e4nken und zu l\u00f6schen. Weitere Informationen hierzu erhalten Sie auf folgenden Webseiten:<br><br>&#8211; Internet Explorer: <a href=\"https:\/\/support.microsoft.com\/de-de\/help\/17442\">https:\/\/support.microsoft.com\/de-de\/help\/17442<\/a><br><br>&#8211; Firefox: <a href=\"https:\/\/support.mozilla.org\/de\/kb\/cookies-informationen-websites-auf-ihrem-computer?redirectlocale=en-US&amp;redirectslug=Cookies\">https:\/\/support.mozilla.org\/de\/kb\/cookies-informationen-websites-auf-ihrem-computer?redirectlocale=en-US&amp;redirectslug=Cookies<\/a><br><br>&#8211; Google Chrome: <a href=\"https:\/\/support.google.com\/chrome\/answer\/95647?hl=de\">https:\/\/support.google.com\/chrome\/answer\/95647?hl=de<\/a><br><br>&#8211; Safari: <a href=\"https:\/\/support.apple.com\/de-de\/HT201265\">https:\/\/support.apple.com\/de-de\/HT201265<\/a><\/p>\n\n\n\n<h5 class=\"wp-block-heading\" id=\"da5\">Cookie Banner<\/h5>\n\n\n\n<p>Wir nutzen auf unserer Seite das Plugin Real Cookie Banner, einen Dienst des Unternehmens devowl.io GmbH, Tannet 12, 94539 Grafling, Germany. Bei diesem Dienst handelt es sich um ein cookiebasiertes Tool, mit dessen Hilfe wir den Zustimmungsstatus des Websitebesuchers f\u00fcr das Setzen von Cookies speichern. Diese Daten werden durch Real Cookie Banner gespeichert und verarbeitet.<br><br>Sie k\u00f6nnen den Einsatz von Cookies bzw. die Datenverarbeitung durch Ihre vorherige Einwilligung auf dem eingeblendeten Banner gestatten (Opt-In-L\u00f6sung) oder einen der nachfolgenden Links verwenden, um Ihre Privatsph\u00e4re-Einstellungen zu \u00e4ndern:<\/p>\n\n\n<a  href=\"#consent-change\" role=\"button\" id=\"rcb-sc-link-change\" data-success-message=\"\" class=\"rcb-sc-link rcb-sc-link-change \">Privatsph\u00e4re-Einstellungen \u00e4ndern<\/a>\n\n\n\n<div style=\"height:1em\" aria-hidden=\"true\" class=\"wp-block-spacer\"><\/div>\n\n\n<a  href=\"#consent-history\" role=\"button\" id=\"rcb-sc-link-history\" data-success-message=\"\" class=\"rcb-sc-link rcb-sc-link-history \">Historie der Privatsph\u00e4re-Einstellungen<\/a>\n\n\n\n<div style=\"height:1em\" aria-hidden=\"true\" class=\"wp-block-spacer\"><\/div>\n\n\n<a  href=\"#consent-revoke\" role=\"button\" id=\"rcb-sc-link-revoke\" data-success-message=\"Du hast die Einwilligung erfolgreich widerrufen. Die Seite wird nun neu geladen.\" class=\"rcb-sc-link rcb-sc-link-revoke \">Einwilligungen widerrufen<\/a>\n\n\n\n<p>Auch k\u00f6nnen Sie die Verarbeitung dieser Daten verhindern, indem sie die Ausf\u00fchrung von Java-Script in Ihrem Browser deaktivieren. Zudem k\u00f6nnen Sie Ihren Browser so einstellen, dass Sie \u00fcber das Setzen von Cookies in-formiert werden und einzeln \u00fcber deren Annahmen entscheiden oder die Annahme von Cookies f\u00fcr bestimmte F\u00e4lle oder generell ausschlie\u00dfen. Weiter k\u00f6nnen die Cookies im Nachhinein gel\u00f6scht werden, um Daten zu entfernen, die Webseiten auf Ihrem Computer abgelegt haben. Die Deaktivierung der Cookies kann zu einigen Einschr\u00e4nkungen der Funktionalit\u00e4t der Webseite f\u00fchren. Auch k\u00f6nnen Sie die Ausf\u00fchrung des Java-Script Codes durch die Installation eines Blockers <a href=\"https:\/\/noscript.net\/\">https:\/\/noscript.net\/<\/a> oder <a href=\"https:\/\/www.ghostery.com\">https:\/\/www.ghostery.com<\/a> verhindern. Die geltenden Datenschutzbestimmungen von Cookie-Consent k\u00f6nnen unter <a href=\"https:\/\/privacypolicies.com\/legal\/privacy-policy\">https:\/\/privacypolicies.com\/legal\/privacy-policy<\/a> oder unter <a href=\"https:\/\/silktide.com\/privacy-policy\">https:\/\/silktide.com\/privacy-policy<\/a> abrufen.<\/p>\n\n\n\n<h4 class=\"wp-block-heading\" id=\"da6\">Soziale Medien<\/h4>\n\n\n\n<h5 class=\"wp-block-heading\" id=\"da7\">Google+\/Youtube<\/h5>\n\n\n\n<p><strong>Anbieter:<\/strong> Google Ireland Limited, Gordon House, Barrow Street, Dublin 4, Irland<br><strong>Datenschutzerkl\u00e4rung:<\/strong> <a href=\"https:\/\/policies.google.com\/privacy\">https:\/\/policies.google.com\/privacy<\/a><br><strong>Cookie-Informationen: <\/strong><a href=\"https:\/\/policies.google.com\/technologies\/ads?hl=de\">https:\/\/policies.google.com\/technologies\/ads?hl=de<\/a><br><strong>Opt-Out: <\/strong><a href=\"https:\/\/adssettings.google.com\/anonymous?hl=de&amp;sig=ACi0TCiJxXvvKBloi2agYqXUJ4wynvlJklYAPsz_wOZwSUspvMZl4kBzJhFORHem0ERdQR1S2YqYpM9z1j8524iEylUKxtZ5IQ\">https:\/\/adssettings.google.com\/anonymous?hl=de&amp;sig=ACi0TCiJxXvvKBloi2agYqXUJ4wynvlJklYAPsz_wOZwSUspvMZl4kBzJhFORHem0ERdQR1S2YqYpM9z1j8524iEylUKxtZ5IQ<\/a><\/p>\n\n\n\n<p>Diese Website verwendet Videos von YouTube, LLC, 901 Cherry Ave., San Bruno, CA 94066, USA bereitgestellt. Beim Abspielen wird eine Verbindung zu den Servern von Youtube hergestellt. Dabei wird Youtube mitgeteilt, welche Seiten Sie besuchen. Wenn Sie in Ihrem Youtube-Account eingeloggt sind, kann Youtube Ihr Surfverhalten Ihnen pers\u00f6nlich zuzuordnen. Dies verhindern Sie, indem Sie sich vorher aus Ihrem Youtube-Account ausloggen.<\/p>\n\n\n\n<h4 class=\"wp-block-heading\" id=\"da8\">Unsere Dienste<\/h4>\n\n\n\n<h5 class=\"wp-block-heading\" id=\"da9\">Kontaktformular\/Anfragen<\/h5>\n\n\n\n<p>Sie haben auf unserer Seite die M\u00f6glichkeit uns Anfragen per Kontaktformular oder E-Mail zukommen zu lassen. Hierbei werden Ihre Angaben aus dem Kontaktformular oder der E-Mail (Inhalt Ihrer Anfrage, Betreff Ihrer Anfrage und Datum) inklusive der von Ihnen dort angegebenen Kontaktdaten (Name, Nachname, Unternehmen, Telefonnummer und Email) zwecks Bearbeitung der Anfrage und f\u00fcr den Fall von Anschlussfragen bei uns gespeichert. Rechtsgrundlage f\u00fcr die Erhebung und Verarbeitung der Daten ist Art. 6 Abs. 1 lit. a) DSGVO.<br>Die von Ihnen im Kontaktformular oder der E-Mail eingegebenen Daten verbleiben bei uns, bis Sie uns zur L\u00f6schung auffordern, Ihre Einwilligung zur Speicherung widerrufen oder der Zweck f\u00fcr die Datenspeicherung entf\u00e4llt (z. B. nach abgeschlossener Bearbeitung Ihrer Anfrage). Zwingende gesetzliche Bestimmungen \u2013 insbesondere Aufbewahrungsfristen \u2013 bleiben unber\u00fchrt.<\/p>\n\n\n\n<h4 class=\"wp-block-heading\" id=\"da10\">Daten\u00fcbermittlung<\/h4>\n\n\n\n<h5 class=\"wp-block-heading\" id=\"da11\">Interne Daten\u00fcbermittlung<\/h5>\n\n\n\n<p>Wir verarbeiten Ihre Daten intern, um unseren vertraglichen oder gesetzlichen Verpflichtungen nachzukommen. Eine Daten\u00fcbermittlung bzw. Offenbarung Ihrer Daten erfolgt nur in dem hierf\u00fcr erforderlichen Umfang unter Beachtung der einschl\u00e4gigen Datenschutzvorschriften.<\/p>\n\n\n\n<h5 class=\"wp-block-heading\" id=\"da13\">\u00dcbermittlung an weitere Empf\u00e4nger<\/h5>\n\n\n\n<p>Wir kl\u00e4ren Sie dar\u00fcber auf, dass die Bereitstellung personenbezogener Daten zum Teil gesetzlich vorgeschrieben ist (z.B. Steuervorschriften) oder sich auch aus vertraglichen Regelungen (z.B. Angaben zum Vertragspartner) ergeben kann. Mitunter kann es zu einem Vertragsschluss erforderlich sein, dass eine betroffene Person uns personenbezogene Daten zur Verf\u00fcgung stellt, die in der Folge durch uns verarbeitet werden m\u00fcssen. Die betroffene Person ist beispielsweise verpflichtet uns personenbezogene Daten bereitzustellen, wenn wir mit ihr einen Vertrag abschlie\u00dfen. Eine Nichtbereitstellung der personenbezogenen Daten h\u00e4tte zur Folge, dass der Vertrag mit dem Betroffenen nicht geschlossen werden k\u00f6nnte.<br><br>Sollte die Verarbeitung Ihrer Daten au\u00dferhalb des EWR stattfinden, findet diese \u00dcbermittlung unter Einhaltung aller geltenden Datenschutzgesetze und besonders gem. Artt. 44 f. DSGVO statt.<\/p>\n\n\n\n<h5 class=\"wp-block-heading\" id=\"da14\">\u00dcbermittlung an eine internationale Organisation<\/h5>\n\n\n\n<p>Eine \u00dcbermittlung von Daten an eine internationale Organisation findet nicht statt.<\/p>\n\n\n\n<h5 class=\"wp-block-heading\" id=\"da15\">\u00dcbermittlung in ein Drittland<\/h5>\n\n\n\n<p>Eine \u00dcbermittlung von Daten in ein Drittland findet nicht statt.<\/p>\n\n\n\n<h4 class=\"wp-block-heading\" id=\"da17\">Speicherdauer<\/h4>\n\n\n\n<p>Wir speichern Ihre Daten grunds\u00e4tzlich solange, wie dies zur Erbringung unserer Leistung erforderlich ist oder sofern dies durch den Europ\u00e4ischen Richtlinien- und Verordnungsgeber oder einen anderen Gesetzgeber in Gesetzen oder Vorschriften, welchen der f\u00fcr die Verarbeitung Verantwortliche unterliegt, vorgesehen wurde. In allen anderen F\u00e4llen l\u00f6schen wir Ihre personenbezogenen Daten nach Erledigung des Zweckes, mit Ausnahme solcher Daten, die wir zur Erf\u00fcllung rechtlicher Verpflichtungen weiter speichern m\u00fcssen (z. B. sind wir aufgrund steuer- und handelsrechtlicher Aufbewahrungsfristen verpflichtet, Dokumente wie z. B. Vertr\u00e4ge und Rechnungen f\u00fcr einen gewissen Zeitraum vorzuhalten).<\/p>\n\n\n\n<h4 class=\"wp-block-heading\" id=\"da19\">Rechtsgrundlage der Verarbeitung<\/h4>\n\n\n\n<p>Art. 6 Abs.1 lit. a DSGVO dient uns als Rechtsgrundlage f\u00fcr Verarbeitungsvorg\u00e4nge, f\u00fcr die wir eine Einwilligung f\u00fcr einen bestimmten Verarbeitungszweck eingeholt haben.<br>Ist die Verarbeitung personenbezogener Daten zur Erf\u00fcllung eines Vertrags, dessen Vertragspartei die betroffene Person ist, erforderlich, wie dies beispielsweise bei Verarbeitungsvorg\u00e4ngen der Fall ist, die f\u00fcr eine Liefe-rung von Waren oder die Erbringung einer sonstigen Leistung oder Gegenleistung notwendig sind, so beruht die Verarbeitung auf Art. 6 Abs. 1 lit. b DSGVO. Gleiches gilt f\u00fcr solche Verarbeitungsvorg\u00e4nge die zur Durchf\u00fchrung vorvertraglicher Ma\u00dfnahmen erforderlich sind, etwa in F\u00e4llen von Anfragen zu unseren Produkten oder Leistungen.<br>Unterliegen wir einer rechtlichen Verpflichtung, durch welche eine Verarbeitung von personenbezogenen Daten erforderlich wird, wie beispielsweise zur Erf\u00fcllung steuerrechtlicher Pflichten, so basiert die Verarbeitung auf Art. 6 Abs. lit. c DSGVO.<br>Ist die Verarbeitung von personenbezogenen Daten erforderlich, um lebenswichtige Interessen der betroffenen Person oder einer anderen nat\u00fcrlichen Person zu sch\u00fctzen, beruht die Verarbeitung auf Art. 6 Abs. lit. d DSGVO.<br>Die Verarbeitung der Daten kann auch aufgrund von Art. 6 Abs. 1 e DSGVO in Verbindung mit Art. 6 Abs. 3 DSGVO und \u00a7 4 Landesdatenschutzgesetz Baden-W\u00fcrttemberg (LDSG), in der ab 21.06.2018 geltenden Fassung sowie aufgrund des Landeshochschulgesetzes (LHG) Baden-W\u00fcrttemberg und der Hochschul-Datenschutzverordnung im Rahmen von Studium und Lehre an der Hochschule erfolgen.<br>Letztlich k\u00f6nnen Verarbeitungsvorg\u00e4nge auf Art. 6 Abs. lit. f DSGVO beruhen. Auf dieser Rechtsgrundlage basieren Verarbeitungsvorg\u00e4nge, wenn die Verarbeitung zur Wahrung eines berechtigten Interesses von uns oder eines Dritten erforderlich ist, sofern die Interessen, Grundrechte und Grundfreiheiten des Betroffenen nicht \u00fcberwiegen.<\/p>\n\n\n\n<h4 class=\"wp-block-heading\" id=\"da21\">Rechte der Betroffenen<\/h4>\n\n\n\n<p>Sie haben gem\u00e4\u00df Art. 15 DSGVO das Recht, eine Best\u00e4tigung zu verlangen, ob wir Sie betreffende Daten verarbeiten. Sie k\u00f6nnen Auskunft \u00fcber diese Daten sowie die in Art. 15 Abs. 1 DSGVO aufgef\u00fchrten weiteren Informationen und eine Kopie Ihrer Daten verlangen.<br>Sie haben gem\u00e4\u00df Art. 16 DSGVO das Recht, die Berichtigung oder Vervollst\u00e4ndigung der Sie betreffenden und durch uns verarbeiteten Daten zu verlangen.<br>Sie haben das Recht gem\u00e4\u00df Art. 17 DSGVO, die unverz\u00fcgliche L\u00f6schung der Sie betreffenden Daten zu verlangen. Alternativ k\u00f6nnen Sie von uns gem\u00e4\u00df Art. 18 DSGVO die Einschr\u00e4nkung der Verarbeitung Ihrer Daten verlangen.<br>Sie haben gem\u00e4\u00df Art. 20 DSGVO das Recht, die Bereitstellung der uns durch Sie zur Verf\u00fcgung gestellten Daten zu fordern und deren \u00dcbermittlung an einen anderen Verantwortlichen zu verlangen.<br>Sie haben fernen das Recht, sich bei der f\u00fcr Sie zust\u00e4ndigen Aufsichtsbeh\u00f6rde nach Ma\u00dfgabe des Art. 77 DSGVO zu beschweren.<\/p>\n\n\n\n<h4 class=\"wp-block-heading\" id=\"da22\">Widerruf Ihrer Einwilligung zur Datenverarbeitung<\/h4>\n\n\n\n<p>Einige Datenverarbeitungsvorg\u00e4nge sind nur mit Ihrer ausdr\u00fccklichen Einwilligung m\u00f6glich. Sie haben die M\u00f6glichkeit eine bereits erteilte Einwilligung jederzeit zu widerrufen. Dazu reicht eine formlose Mitteilung an <a href=\"mailto:studio@renatakanminska.de\">studio@renatakanminska.de<\/a> per E-Mail an uns. Die Rechtm\u00e4\u00dfigkeit der bis zum Widerruf erfolgten Datenverarbeitung bleibt vom Widerruf unber\u00fchrt.<\/p>\n\n\n\n<h4 class=\"wp-block-heading\" id=\"da23\">Externe Links<\/h4>\n\n\n\n<p>Auf unserer Webseite finden Sie Links zu den Webseiten anderer Anbieter. Wir weisen hiermit darauf hin, dass wir keinen Einfluss auf den Inhalt auf den verlinkten Websites und die Einhaltung datenschutzrechtlicher Bestimmungen durch deren Anbieter haben.<\/p>\n\n\n\n<h4 class=\"wp-block-heading\" id=\"da24\">\u00c4nderungen unserer Datenschutzerkl\u00e4rung<\/h4>\n\n\n\n<p>Wir behalten es uns vor, diese Datenschutzhinweise jederzeit bei \u00c4nderungen auf unserer Webseite und unter Beachtung der geltenden Datenschutzvorschriften anzupassen, damit diese den rechtlichen Anforderungen entsprechen.<\/p>\n","protected":false},"excerpt":{"rendered":"<p>Wir freuen uns \u00fcber Ihren Besuch auf unserer Webseite sowie Ihr damit verbundenes Interesse an unserer Arbeit. Der Schutz Ihrer personenbezogenen Daten ist f\u00fcr uns sehr wichtig. Renata Kaminska (nachfolgend \u201eRenata Kaminska\u201c, \u201ewir\u201c oder \u201euns\u201c) legt gro\u00dfen Wert auf die Sicherheit der Daten der Nutzer und die Einhaltung datenschutzrechtlicher Bestimmungen. Kontaktdaten des Verantwortlichen Verantwortlicher Anbieter [&hellip;]<\/p>\n","protected":false},"author":2,"featured_media":0,"parent":0,"menu_order":0,"comment_status":"closed","ping_status":"closed","template":"","meta":{"footnotes":""},"class_list":["post-690","page","type-page","status-publish","hentry"],"_links":{"self":[{"href":"http:\/\/www.bel-etage-projects.com\/wp_be\/wp-json\/wp\/v2\/pages\/690","targetHints":{"allow":["GET"]}}],"collection":[{"href":"http:\/\/www.bel-etage-projects.com\/wp_be\/wp-json\/wp\/v2\/pages"}],"about":[{"href":"http:\/\/www.bel-etage-projects.com\/wp_be\/wp-json\/wp\/v2\/types\/page"}],"author":[{"embeddable":true,"href":"http:\/\/www.bel-etage-projects.com\/wp_be\/wp-json\/wp\/v2\/users\/2"}],"replies":[{"embeddable":true,"href":"http:\/\/www.bel-etage-projects.com\/wp_be\/wp-json\/wp\/v2\/comments?post=690"}],"version-history":[{"count":6,"href":"http:\/\/www.bel-etage-projects.com\/wp_be\/wp-json\/wp\/v2\/pages\/690\/revisions"}],"predecessor-version":[{"id":827,"href":"http:\/\/www.bel-etage-projects.com\/wp_be\/wp-json\/wp\/v2\/pages\/690\/revisions\/827"}],"wp:attachment":[{"href":"http:\/\/www.bel-etage-projects.com\/wp_be\/wp-json\/wp\/v2\/media?parent=690"}],"curies":[{"name":"wp","href":"https:\/\/api.w.org\/{rel}","templated":true}]}}