{"id":46,"date":"2014-04-24T11:34:36","date_gmt":"2014-04-24T11:34:36","guid":{"rendered":"http:\/\/www.bel-etage-projects.com\/wp_be\/?page_id=46"},"modified":"2017-02-27T10:55:02","modified_gmt":"2017-02-27T10:55:02","slug":"contributers","status":"publish","type":"page","link":"http:\/\/www.bel-etage-projects.com\/wp_be\/exhibitions\/2011-2\/contributers\/","title":{"rendered":"contributers"},"content":{"rendered":"<div id=\"post-543\" class=\"post\">\n<div class=\"entry\">\n<h5>text &amp; press:<\/h5>\n<p>\u201eDRAU\u00dfEN IST FEINDLICH\u201c, Daniela Brennscheid<\/p>\n<p>\u201eIN OUR NATURE\u201d, Julia Wielgus<\/p>\n<h5>\u00a0<\/h5>\n<h5>fotos:<\/h5>\n<p>\u201eDRAU\u00dfEN IST FEINDLICH\u201c, all photos by Yves Sucksdorff<\/p>\n<p>\u201eIN OUR NATURE\u201d, all photos by Roman M\u00e4rz<\/p>\n<h5>\u00a0<\/h5>\n<h5>support:<\/h5>\n<p>Mit der Unterst\u00fctzung der Kulturverwaltung des Berliner Senats.<\/p>\n<p>Mit freundlicher Unterst\u00fctzung des <a href=\"http:\/\/www.rosa-luxemburg-platz.net\/\" target=\"_blank\">Vereins zur F\u00f6rderung von Kunst und Kultur am Rosa-Luxemburg-Platz<\/a>.<\/p>\n<p>Gef\u00f6rdert durch das Institut f\u00fcr Auslandsbeziehungen (IFA) aus Mitteln der Kulturabteilung des Ausw\u00e4rtigen Amtes.<\/p>\n<p><img loading=\"lazy\" decoding=\"async\" class=\"alignleft size-full wp-image-959\" title=\"ifa2\" src=\"http:\/\/bel-etage-projects.com\/wp_be\/wp-content\/uploads\/2011\/05\/ifa2.png\" alt=\"\" width=\"529\" height=\"101\" \/><\/p>\n<\/div>\n<\/div>\n","protected":false},"excerpt":{"rendered":"<p>text &amp; press: \u201eDRAU\u00dfEN IST FEINDLICH\u201c, Daniela Brennscheid \u201eIN OUR NATURE\u201d, Julia Wielgus \u00a0 fotos: \u201eDRAU\u00dfEN IST FEINDLICH\u201c, all photos by Yves Sucksdorff \u201eIN OUR NATURE\u201d, all photos by Roman M\u00e4rz \u00a0 support: Mit der Unterst\u00fctzung der Kulturverwaltung des Berliner Senats. Mit freundlicher Unterst\u00fctzung des Vereins zur F\u00f6rderung von Kunst und Kultur am Rosa-Luxemburg-Platz. Gef\u00f6rdert [&hellip;]<\/p>\n","protected":false},"author":2,"featured_media":0,"parent":66,"menu_order":4,"comment_status":"closed","ping_status":"closed","template":"","meta":{"footnotes":""},"class_list":["post-46","page","type-page","status-publish","hentry"],"_links":{"self":[{"href":"http:\/\/www.bel-etage-projects.com\/wp_be\/wp-json\/wp\/v2\/pages\/46","targetHints":{"allow":["GET"]}}],"collection":[{"href":"http:\/\/www.bel-etage-projects.com\/wp_be\/wp-json\/wp\/v2\/pages"}],"about":[{"href":"http:\/\/www.bel-etage-projects.com\/wp_be\/wp-json\/wp\/v2\/types\/page"}],"author":[{"embeddable":true,"href":"http:\/\/www.bel-etage-projects.com\/wp_be\/wp-json\/wp\/v2\/users\/2"}],"replies":[{"embeddable":true,"href":"http:\/\/www.bel-etage-projects.com\/wp_be\/wp-json\/wp\/v2\/comments?post=46"}],"version-history":[{"count":3,"href":"http:\/\/www.bel-etage-projects.com\/wp_be\/wp-json\/wp\/v2\/pages\/46\/revisions"}],"predecessor-version":[{"id":152,"href":"http:\/\/www.bel-etage-projects.com\/wp_be\/wp-json\/wp\/v2\/pages\/46\/revisions\/152"}],"up":[{"embeddable":true,"href":"http:\/\/www.bel-etage-projects.com\/wp_be\/wp-json\/wp\/v2\/pages\/66"}],"wp:attachment":[{"href":"http:\/\/www.bel-etage-projects.com\/wp_be\/wp-json\/wp\/v2\/media?parent=46"}],"curies":[{"name":"wp","href":"https:\/\/api.w.org\/{rel}","templated":true}]}}