{"id":45,"date":"2014-04-24T11:37:31","date_gmt":"2014-04-24T11:37:31","guid":{"rendered":"http:\/\/www.bel-etage-projects.com\/wp_be\/?page_id=45"},"modified":"2026-02-10T08:59:43","modified_gmt":"2026-02-10T08:59:43","slug":"in-our-nature","status":"publish","type":"page","link":"http:\/\/www.bel-etage-projects.com\/wp_be\/exhibitions\/2011-2\/in-our-nature\/","title":{"rendered":"IN OUR NATURE"},"content":{"rendered":"\n<div id=\"post-446\" class=\"post\">\n<figure><img loading=\"lazy\" decoding=\"async\" class=\"alignleft size-full wp-image-744\" title=\"Hymne-n\" src=\"http:\/\/bel-etage-projects.com\/wp_be\/wp-content\/uploads\/2011\/04\/Hymne-n3.jpg\" alt=\"\" width=\"496\" height=\"329\"><\/figure><div class=\"entry\">\n<figure><\/figure><p><strong><\/strong><\/p>\n<p><strong><strong><strong><strong>September 4. \u2013 11.<\/strong><\/strong><\/strong><\/strong><\/p>\n<p><strong>Opening:<\/strong> Saturday, 3. September 2011, 7 pm<\/p>\n<p><strong>Location: Marburger Str., 3, 10789 Berlin<\/p>\n<p><strong>Opening Hours: <\/strong><\/p>\n<p>7.9. \u2013 8.9.2011: 4-8 pm<\/p>\n<p>9.9. \u2013 11.9.2011: 4-6 pm<\/p>\n<p><strong>Special Events:<\/strong><\/p>\n<p>Sat. 3. Sept., 9 pm: Performance \u201cWAIT\u201d by Wojciech Kosma<\/p>\n<p>Thu. 8. Sept., 6 pm: Slideshow by Robert Lucander<\/p>\n<p style=\"text-align: left;\"><strong>Guided Tours on request.<br>\n <\/strong><\/p>\n<p><strong><br>\n <\/strong> MARC BIJL, AGNIESZKA BRZEZANSKA, KLARA HOBZA, LISA JUNGHANSS, RENATA KAMINSKA, WOJCIECH KOSMA, ALICJA KWADE, ROBERT LUCANDER, PHILIPP MESSNER, WILHELM SASNAL, FLORIAN ZEYFANG, THOMAS ZIPP<\/p>\n<p>On the occasion of Kunstherbst Berlin 2011 BEL ETAGE is pleased to announce a NEW PROJECT: Invited by Timo Miettinen, we proudly present an inauguration exhibition focusing on the medium of video projections.\n<p><em>In Our Nature<\/em> investigates the human belief that the rise of civilization was possible by controlling the four elements*: fire, air, water and earth. The efforts to provide security became at the same time the source of new risks: As the spread of urban areas and population reshaped but also destroyed natural landscapes and the environment, a tension between city and the natural environment has always been present. Natural hazards like floods, earthquakes or hurricanes show that the destructive relationship between the elements and humankind is a circular process. Since the dawn of civilization the four elements have been a central theme of art, now they also seem to be a focal topic of media with Fukushimas, Iceland or NYC.<\/p>\n<p>The exhibition <em>In Our Nature <\/em>brings together 12 international artists whose practices examine the relationship between the human being and the elements, perceiving humankind as inherent of a primordial power intrinsically embodied by nature. For this reason, the projections focus less on the fascination with nature\u2019s beauty, the sublime or on natural disasters reminding humans of their vulnerability, but rather show mankind as a sort of \u201cnatural hazard\u201d \u2013 unpredictable, uncontrollable and often destructive. Furthermore, the invited artists explore the four elements as a prism of experience, a reflection of ideology, culture, ecological and environmental debate. Living in a natural environment of postindustrial cities that can be seen as urban jungles, we become increasingly wild \u201cin our nature\u201d.<\/p>\n<p>* The theory of the classical elements and their interrelations was developed by Pre-Socratic philosophers in terms of describing and understanding essential parts and fundamental processes in nature. Referring to ancient theoreticians the creation, including the human body, consists of the elements and upon death, bodies turn again into these elements of nature, which balances its cycle.<\/p>\n<p>Text: Julia Wielgus<\/p>\n<p>&nbsp;<\/p>\n<p>all photos by Roman M\u00e4rz<\/p>\n<figure><img loading=\"lazy\" decoding=\"async\" class=\"size-large wp-image-754 \" title=\"A_4547710_72dpi\" src=\"http:\/\/bel-etage-projects.com\/wp_be\/wp-content\/uploads\/2011\/04\/A_4547710_72dpi-640x869.jpg\" alt=\"\" width=\"640\" height=\"869\"><\/figure><p><\/p>\n<p>&nbsp;<\/p>\n<p>&nbsp;<\/p>\n<figure><img loading=\"lazy\" decoding=\"async\" class=\"size-large wp-image-752\" title=\"A_4547684_72dpi\" src=\"http:\/\/bel-etage-projects.com\/wp_be\/wp-content\/uploads\/2011\/04\/A_4547684_72dpi-640x481.jpg\" alt=\"\" width=\"640\" height=\"481\"><\/figure><p><\/p>\n<figure><img loading=\"lazy\" decoding=\"async\" class=\"size-large wp-image-996\" title=\"A_4547681\" src=\"http:\/\/bel-etage-projects.com\/wp_be\/wp-content\/uploads\/2011\/04\/A_4547681-640x479.jpg\" alt=\"\" width=\"640\" height=\"479\"><\/figure><p><\/p>\n<figure><img loading=\"lazy\" decoding=\"async\" class=\"size-large wp-image-753\" title=\"A_4547695_72dpi\" src=\"http:\/\/bel-etage-projects.com\/wp_be\/wp-content\/uploads\/2011\/04\/A_4547695_72dpi-640x864.jpg\" alt=\"\" width=\"640\" height=\"864\"><\/figure><p><\/p>\n<figure><img loading=\"lazy\" decoding=\"async\" class=\"size-large wp-image-1006\" title=\"A_4547679\" src=\"http:\/\/bel-etage-projects.com\/wp_be\/wp-content\/uploads\/2011\/04\/A_4547679-640x479.jpg\" alt=\"\" width=\"640\" height=\"479\"><\/figure><p><\/p>\n<figure><img loading=\"lazy\" decoding=\"async\" class=\"size-large wp-image-1007\" title=\"A_4547676\" src=\"http:\/\/bel-etage-projects.com\/wp_be\/wp-content\/uploads\/2011\/04\/A_4547676-640x479.jpg\" alt=\"\" width=\"640\" height=\"479\"><\/figure><p><\/p>\n<p>&nbsp;<\/p>\n<figure><img loading=\"lazy\" decoding=\"async\" class=\"size-large wp-image-751\" title=\"A_4547665_72dpi\" src=\"http:\/\/bel-etage-projects.com\/wp_be\/wp-content\/uploads\/2011\/04\/A_4547665_72dpi-640x481.jpg\" alt=\"\" width=\"640\" height=\"481\"><\/figure><p><\/p>\n<p>&nbsp;<\/p>\n<figure><img loading=\"lazy\" decoding=\"async\" class=\"size-large wp-image-750\" title=\"A_4547662_72dpi\" src=\"http:\/\/bel-etage-projects.com\/wp_be\/wp-content\/uploads\/2011\/04\/A_4547662_72dpi-640x855.jpg\" alt=\"\" width=\"640\" height=\"855\"><\/figure><p><\/p>\n<figure><img loading=\"lazy\" decoding=\"async\" class=\"size-large wp-image-997\" title=\"A_4547661\" src=\"http:\/\/bel-etage-projects.com\/wp_be\/wp-content\/uploads\/2011\/04\/A_4547661-640x480.jpg\" alt=\"\" width=\"640\" height=\"480\"><\/figure><p><\/p>\n<figure><img loading=\"lazy\" decoding=\"async\" class=\"size-large wp-image-998\" title=\"A_4547659\" src=\"http:\/\/bel-etage-projects.com\/wp_be\/wp-content\/uploads\/2011\/04\/A_4547659-640x479.jpg\" alt=\"\" width=\"640\" height=\"479\"><\/figure><p><\/p>\n<figure><img loading=\"lazy\" decoding=\"async\" class=\"size-large wp-image-1000\" title=\"A_4547651\" src=\"http:\/\/bel-etage-projects.com\/wp_be\/wp-content\/uploads\/2011\/04\/A_4547651-640x783.jpg\" alt=\"\" width=\"640\" height=\"783\"><\/figure><p><\/p>\n<figure><img loading=\"lazy\" decoding=\"async\" class=\"size-large wp-image-1001\" title=\"A_4547648\" src=\"http:\/\/bel-etage-projects.com\/wp_be\/wp-content\/uploads\/2011\/04\/A_4547648-640x479.jpg\" alt=\"\" width=\"640\" height=\"479\"><\/figure><p><\/p>\n<figure><img loading=\"lazy\" decoding=\"async\" class=\"size-large wp-image-999\" title=\"A_4547644\" src=\"http:\/\/bel-etage-projects.com\/wp_be\/wp-content\/uploads\/2011\/04\/A_4547644-640x484.jpg\" alt=\"\" width=\"640\" height=\"484\"><\/figure><p><\/p>\n<p>&nbsp;<\/p>\n<figure><img loading=\"lazy\" decoding=\"async\" class=\"size-large wp-image-749\" title=\"A_4547641_72dpi\" src=\"http:\/\/bel-etage-projects.com\/wp_be\/wp-content\/uploads\/2011\/04\/A_4547641_72dpi1-640x480.jpg\" alt=\"\" width=\"640\" height=\"480\"><\/figure><p><\/p>\n<figure><img loading=\"lazy\" decoding=\"async\" class=\"size-large wp-image-1002\" title=\"A_4547639\" src=\"http:\/\/bel-etage-projects.com\/wp_be\/wp-content\/uploads\/2011\/04\/A_4547639-640x851.jpg\" alt=\"\" width=\"640\" height=\"851\"><\/figure><p><\/p>\n<figure><img loading=\"lazy\" decoding=\"async\" class=\"size-large wp-image-1003\" title=\"A_4547673\" src=\"http:\/\/bel-etage-projects.com\/wp_be\/wp-content\/uploads\/2011\/04\/A_4547673-640x853.jpg\" alt=\"\" width=\"640\" height=\"853\"><\/figure><p><\/p>\n<figure><img loading=\"lazy\" decoding=\"async\" class=\"size-large wp-image-1004\" title=\"A_4547631\" src=\"http:\/\/bel-etage-projects.com\/wp_be\/wp-content\/uploads\/2011\/04\/A_4547631-640x486.jpg\" alt=\"\" width=\"640\" height=\"486\"><\/figure><p><\/p>\n<figure><img loading=\"lazy\" decoding=\"async\" class=\"size-large wp-image-1005\" title=\"A_4547654\" src=\"http:\/\/bel-etage-projects.com\/wp_be\/wp-content\/uploads\/2011\/04\/A_4547654-640x479.jpg\" alt=\"\" width=\"640\" height=\"479\"><\/figure><p><\/p>\n<p>&nbsp;<\/p>\n<p>&nbsp;<\/p>\n<h1>&nbsp;<\/h1>\n<h1>&nbsp;<\/h1>\n<p>&nbsp;<\/p>\n<p>&nbsp;<\/p>\n<p>&nbsp;<\/p>\n<figure><img loading=\"lazy\" decoding=\"async\" class=\"alignnone size-full wp-image-367\" title=\"untitled-1\" src=\"http:\/\/bel-etage-projects.com\/wp_be\/wp-content\/uploads\/2010\/05\/untitled-1.jpg\" alt=\"untitled-1\" width=\"461\" height=\"511\"><\/figure><p><\/p>\n<p>Im Rahmen der Berlin Talks 2010 veranstaltete Bel Etage Berlin auf Einladung des Art Forum Berlin ein Gespr\u00e4ch \u00fcber K\u00fcnstlerbetriebene Projektr\u00e4ume und ihre Strategien und Beweggr\u00fcnde.<\/p>\n<p>Mit \u201cFighting Fire with Fire\u201d sollte angesprochen werden, warum K\u00fcnstler K\u00fcnstler neben ihrer Kunst Projektr\u00e4ume betreiben, was der Unterschied zu Galerien oder Institutionen ist, wie sich Projekte dieser Art finanzieren oder wie lange ein Projekt dieser Art \u201cam Leben\u201d bleibt.<\/p>\n<figure><img loading=\"lazy\" decoding=\"async\" class=\"alignnone size-full wp-image-368\" title=\"101009_draper_004\" src=\"http:\/\/bel-etage-projects.com\/wp_be\/wp-content\/uploads\/2010\/05\/101009_draper_004.jpg\" alt=\"101009_draper_004\" width=\"640\" height=\"427\"><\/figure><p><\/p>\n<p>TEILNEHMER:<\/p>\n<p>Julieta Aranda, K\u00fcnstlerin und ist Co-Initiatorin von e-flux. Zusammen mit Anton Vidokle und Magdalena Magiera betrieb sie zwischen 2008\/2009 in Berlin das Projekt \u201cthe building\u201d. Sie lebt in New York und Berlin.<\/p>\n<p>Tjorg Douglas Beer, K\u00fcnstler, betreibt die \u201cGalerie im Regierungsviertel\u201d, Berlin und das\u201d The Forgotten Bar Project\u201d, Berlin. Er lebt und arbeitet in Berlin.<\/p>\n<p>Markus Draper und Renata Kaminska, K\u00fcnstler und betreiben zusammen das Projekt \u201cBel Etage\u201d, Berlin. Beide leben und arbeiten in Berlin.<\/p>\n<p>Emanuel Rossetti, K\u00fcnstler, betreibt zusammen mit Daniel Baumann, Tobias Madison und Dan Solbach \u201cNew Jerseyy\u201d . Er lebt und arbeitet in Basel und Z\u00fcrich.<\/p>\n<p>MODERATION:<br>\n Dieter Roelstraete ist Kurator am MuHKA Antwerpen sowie Editor von Afterall; er ist Contributing Editor von A Prior Magazine und FR David, au\u00dferdem unterrichtet er am Piet Zwart Institute in Rotterdam und am De Appel in Amsterdam. Er lebt und arbeitet in Antwerpen und Berlin.<\/p>\n<figure><img loading=\"lazy\" decoding=\"async\" class=\"alignnone size-full wp-image-371\" title=\"101009_draper_002\" src=\"http:\/\/bel-etage-projects.com\/wp_be\/wp-content\/uploads\/2010\/05\/101009_draper_002.jpg\" alt=\"101009_draper_002\" width=\"640\" height=\"427\"><\/figure><p><\/p>\n<p>&nbsp;<\/p>\n<\/div>\n<\/div>\n","protected":false},"excerpt":{"rendered":"<p>September 4. \u2013 11. Opening: Saturday, 3. September 2011, 7 pm Location: Marburger Str., 3, 10789 Berlin Opening Hours: 7.9. \u2013 8.9.2011: 4-8 pm 9.9. \u2013 11.9.2011: 4-6 pm Special Events: Sat. 3. Sept., 9 pm: Performance \u201cWAIT\u201d by Wojciech Kosma Thu. 8. Sept., 6 pm: Slideshow by Robert Lucander Guided Tours on request. MARC [&hellip;]<\/p>\n","protected":false},"author":2,"featured_media":0,"parent":66,"menu_order":3,"comment_status":"closed","ping_status":"closed","template":"","meta":{"footnotes":""},"class_list":["post-45","page","type-page","status-publish","hentry"],"_links":{"self":[{"href":"http:\/\/www.bel-etage-projects.com\/wp_be\/wp-json\/wp\/v2\/pages\/45","targetHints":{"allow":["GET"]}}],"collection":[{"href":"http:\/\/www.bel-etage-projects.com\/wp_be\/wp-json\/wp\/v2\/pages"}],"about":[{"href":"http:\/\/www.bel-etage-projects.com\/wp_be\/wp-json\/wp\/v2\/types\/page"}],"author":[{"embeddable":true,"href":"http:\/\/www.bel-etage-projects.com\/wp_be\/wp-json\/wp\/v2\/users\/2"}],"replies":[{"embeddable":true,"href":"http:\/\/www.bel-etage-projects.com\/wp_be\/wp-json\/wp\/v2\/comments?post=45"}],"version-history":[{"count":5,"href":"http:\/\/www.bel-etage-projects.com\/wp_be\/wp-json\/wp\/v2\/pages\/45\/revisions"}],"predecessor-version":[{"id":1016,"href":"http:\/\/www.bel-etage-projects.com\/wp_be\/wp-json\/wp\/v2\/pages\/45\/revisions\/1016"}],"up":[{"embeddable":true,"href":"http:\/\/www.bel-etage-projects.com\/wp_be\/wp-json\/wp\/v2\/pages\/66"}],"wp:attachment":[{"href":"http:\/\/www.bel-etage-projects.com\/wp_be\/wp-json\/wp\/v2\/media?parent=45"}],"curies":[{"name":"wp","href":"https:\/\/api.w.org\/{rel}","templated":true}]}}