{"id":41,"date":"2014-04-24T11:32:25","date_gmt":"2014-04-24T11:32:25","guid":{"rendered":"http:\/\/www.bel-etage-projects.com\/wp_be\/?page_id=41"},"modified":"2017-02-27T10:54:40","modified_gmt":"2017-02-27T10:54:40","slug":"drausen-ist-feindlich","status":"publish","type":"page","link":"http:\/\/www.bel-etage-projects.com\/wp_be\/exhibitions\/2011-2\/drausen-ist-feindlich\/","title":{"rendered":"DRAU\u00dfEN IST FEINDLICH"},"content":{"rendered":"<p><img loading=\"lazy\" decoding=\"async\" title=\"BEL ETAGE &quot;Drau\u00dfen ist feindlich&quot;\" src=\"http:\/\/bel-etage-projects.com\/wp_be\/wp-content\/uploads\/2011\/04\/15breit1.jpg\" alt=\"\" width=\"425\" height=\"602\" \/><\/p>\n<p>Please click <a href=\"http:\/\/bel-etage-projects.com\/wp_be\/?page_id=539#recent%20english\"><em>here<\/em><\/a> for the english text.<\/p>\n<p><a name=\"draus\"><\/a><\/p>\n<h5>\u201eDRAU\u00dfEN IST FEINDLICH\u201c 28.04. \u2013 01.05.2011, Rosa-Luxemburg-Platz Berlin<\/h5>\n<p>\u201eEs wird hell\u201c, singt Leads\u00e4nger Bixa Bargeld in dem Song der Einst\u00fcrzenden Neubauten \u201eDrau\u00dfen ist feindlich\u201c. Nachdem BEL ETAGE letztes Jahr mit Videoarbeiten, Lichtinstallationen, Diaprojektionen und Leuchtk\u00e4sten im Dunkeln strahlte, tritt das diesj\u00e4hrige Ausstellungsprojekt am Gallery Weekend 2011 ins helle Tageslicht. Rund um den Rosa-Luxemburg-Platz werden zahlreiche Arbeiten zu finden sein, die sich inhaltlich und formal mit der vorgefundenen Realit\u00e4t an diesem speziellen Ort auseinandersetzen. Das Performative, das Tempor\u00e4re und das Verg\u00e4ngliche spielen dabei eine gro\u00dfe Rolle. Die ausstellenden K\u00fcnstler sind dazu aufgefordert, neue Arbeiten zu pr\u00e4sentieren. Die fl\u00fcchtige Existenz dieser k\u00fcnstlerischen Intervention an diesem durch Kunst und Kultur stark gepr\u00e4gten Ort veranschaulicht dessen charakteristisches Merkmal der historischen Diskontinuit\u00e4t. So entsteht f\u00fcr kurze Zeit wieder etwas Neues und Einmaliges dort, wo stets Ver\u00e4nderungen stattfanden.<br \/>\n F\u00fcr ein langes Wochenende machen sich f\u00fcnfzehn K\u00fcnstler auf die Suche nach verborgenen Identit\u00e4ten, neuen Formen und alten Beziehungen des namhaften Ortes.<\/p>\n<p><a name=\"artists\"><\/a><\/p>\n<h5>RONALD DE BLOEME, AGNIESZKA BRZEZANSKA, STEFAAN DHEEDENE, POLA DWURNIK, SLAWOMIR ELSNER, OLAF HOLZAPFEL, JUDITH HOPF, SVEN JOHNE &amp; SEBASTIAN ORLAC, RENATA KAMINSKA, ALICJA KWADE, ANTONIA LOW, JAN MANCUSKA, PRZEMEK MATECKI, IEPE, ROMAN SIGNER<\/h5>\n<p><a name=\"contr\"><\/a>BEL ETAGE \u201cDrau\u00dfen ist feindlich\u201d wird von der Berliner K\u00fcnstlerin Renata Kaminska und Susanne Prinz, Leiterin des Vereins zur F\u00f6rderung von Kunst und Kultur am Rosa-Luxemburg-Platz e.V., kuratiert.<br \/>\n BEL ETAGE wird einmal j\u00e4hrlich von Renata Kaminska veranstaltet und findet 2011 zum dritten Mal statt.<\/p>\n<p>*Mit der Unterst\u00fctzung der Kulturverwaltung des Berliner Senats.<\/p>\n<p>*Mit freundlicher Unterst\u00fctzung des <a href=\"http:\/\/www.rosa-luxemburg-platz.net\/\" target=\"_blank\">Vereins zur F\u00f6rderung von Kunst und Kultur am Rosa-Luxemburg-Platz<\/a>.<\/p>\n<p>*Gef\u00f6rdert durch das Institut f\u00fcr Auslandsbeziehungen (IFA) aus Mitteln der Kulturabteilung des Ausw\u00e4rtigen Amtes.<\/p>\n<p><img loading=\"lazy\" decoding=\"async\" title=\"BEL ETAGE map\" src=\"http:\/\/bel-etage-projects.com\/wp_be\/wp-content\/uploads\/2011\/04\/BEL-ETAGE-map-640x303.jpg\" alt=\"\" width=\"640\" height=\"303\" \/><img loading=\"lazy\" decoding=\"async\" title=\"DRAU\u00dfEN IST FEINDLICH\" src=\"http:\/\/bel-etage-projects.com\/wp_be\/wp-content\/uploads\/2011\/04\/DRAU%C3%9FEN-IST-FEINDLICH-640x303.jpg\" alt=\"\" width=\"640\" height=\"303\" \/><\/p>\n<p>&nbsp;<\/p>\n<p><img loading=\"lazy\" decoding=\"async\" class=\"alignleft size-full wp-image-668\" title=\"222140_215940645100435_100000535027416_835240_7662868_n\" src=\"http:\/\/bel-etage-projects.com\/wp_be\/wp-content\/uploads\/2011\/04\/222140_215940645100435_100000535027416_835240_7662868_n.jpg\" alt=\"\" width=\"479\" height=\"720\" \/><\/p>\n<p><img loading=\"lazy\" decoding=\"async\" class=\"alignleft size-large wp-image-667\" title=\"222550_215927781768388_100000535027416_835065_847322_n\" src=\"http:\/\/bel-etage-projects.com\/wp_be\/wp-content\/uploads\/2011\/04\/222550_215927781768388_100000535027416_835065_847322_n-640x425.jpg\" alt=\"\" width=\"640\" height=\"425\" \/><\/p>\n<p>&nbsp;<\/p>\n<p><img loading=\"lazy\" decoding=\"async\" title=\"_YSD5704\" src=\"http:\/\/bel-etage-projects.com\/wp_be\/wp-content\/uploads\/2011\/04\/YSD5704-640x425.jpg\" alt=\"\" width=\"640\" height=\"425\" \/><\/p>\n<p><img loading=\"lazy\" decoding=\"async\" title=\"attachment\" src=\"http:\/\/bel-etage-projects.com\/wp_be\/wp-content\/uploads\/2011\/04\/attachment.jpg\" alt=\"\" width=\"567\" height=\"852\" \/><img loading=\"lazy\" decoding=\"async\" title=\"olaf 2\" src=\"http:\/\/bel-etage-projects.com\/wp_be\/wp-content\/uploads\/2011\/04\/olaf-2-640x425.jpg\" alt=\"\" width=\"640\" height=\"425\" \/><\/p>\n<h5><a name=\"recent english\"><\/a>\u201eDrau\u00dfen ist feindlich\u201c 28.04. \u2013 01.05.2011, Rosa-Luxemburg-Platz Berlin<\/h5>\n<p>\u201eEs wird hell\u201c, bandleader Bixa Bargeld is singing in the song by the Einst\u00fcrzende Neubauten: \u201eDrau\u00dfen ist feindlich\u201c. After having shown several videos, light-installations, slideshows and illuminated boxes last year, this year on Gallery Weekend 2011 BEL ETAGE is going outside into the daylight. All around the Rosa-Luxemburg-Platz in Berlin Mitte we will find many interesting works, concerning the topical and formal reality of that special spot. Our short-lived reality, performance and sustainability will be the main themes of the exhibition. The participating artists are invited to create something new, which stands out of the artist\u2019s common work. The temporary existence of these artworks at such a place of cultural and artistic relevance visualizes the historical discontinuity of the space. Something new and unique will be created right there, where many changes occurred in history. For one weekend fifteen artists will examine hidden identities, new forms and old relations of the well-known place.<\/p>\n<h5>RONALD DE BLOEME, AGNIESZKA BRZEZANSKA, STEFAAN DHEEDENE, POLA DWURNIK, SLAWOMIR ELSNER, OLAF HOLZAPFEL, JUDITH HOPF, SVEN JOHNE &amp; SEBASTIAN ORLAC, RENATA KAMINSKA, ALICJA KWADE, ANTONIA LOW, JAN MANCUSKA, PRZEMEK MATECKI, IEPE, ROMAN SIGNER<\/h5>\n<p>BEL ETAGE \u201cDrau\u00dfen ist feindlich\u201d is curated by the artist Renata Kaminska and by Susanne Prinz, head of \u2018Verein zur F\u00f6rderung von Kunst und Kultur am Rosa-Luxemburg-Platz e.V.\u2019<\/p>\n<p>Once a year Renata Kaminska arranges an exhibition in different special places, which are generally unusual for the presentation of art. BEL ETAGE is taking place now for the third time.<\/p>\n<p>*Supported by the cultural department of the Berliner Senat<\/p>\n<p>*With friendly assistance by the<a href=\"http:\/\/www.rosa-luxemburg-platz.net\/\" target=\"_blank\"> \u2018Verein zur F\u00f6rderung von Kunst und Kultur am Rosa-Luxemburg-Platz\u2019<\/a>.<\/p>\n<p>*Supported by the Institut f\u00fcr Auslandsbeziehungen (IFA)<\/p>\n<p><a href=\"http:\/\/bel-etage-projects.com\/wp_be\/?page_id=539#top\">go to top<\/a><\/p>\n","protected":false},"excerpt":{"rendered":"<p>Please click here for the english text. \u201eDRAU\u00dfEN IST FEINDLICH\u201c 28.04. \u2013 01.05.2011, Rosa-Luxemburg-Platz Berlin \u201eEs wird hell\u201c, singt Leads\u00e4nger Bixa Bargeld in dem Song der Einst\u00fcrzenden Neubauten \u201eDrau\u00dfen ist feindlich\u201c. Nachdem BEL ETAGE letztes Jahr mit Videoarbeiten, Lichtinstallationen, Diaprojektionen und Leuchtk\u00e4sten im Dunkeln strahlte, tritt das diesj\u00e4hrige Ausstellungsprojekt am Gallery Weekend 2011 ins helle [&hellip;]<\/p>\n","protected":false},"author":2,"featured_media":0,"parent":66,"menu_order":0,"comment_status":"closed","ping_status":"closed","template":"","meta":{"footnotes":""},"class_list":["post-41","page","type-page","status-publish","hentry"],"_links":{"self":[{"href":"http:\/\/www.bel-etage-projects.com\/wp_be\/wp-json\/wp\/v2\/pages\/41","targetHints":{"allow":["GET"]}}],"collection":[{"href":"http:\/\/www.bel-etage-projects.com\/wp_be\/wp-json\/wp\/v2\/pages"}],"about":[{"href":"http:\/\/www.bel-etage-projects.com\/wp_be\/wp-json\/wp\/v2\/types\/page"}],"author":[{"embeddable":true,"href":"http:\/\/www.bel-etage-projects.com\/wp_be\/wp-json\/wp\/v2\/users\/2"}],"replies":[{"embeddable":true,"href":"http:\/\/www.bel-etage-projects.com\/wp_be\/wp-json\/wp\/v2\/comments?post=41"}],"version-history":[{"count":4,"href":"http:\/\/www.bel-etage-projects.com\/wp_be\/wp-json\/wp\/v2\/pages\/41\/revisions"}],"predecessor-version":[{"id":367,"href":"http:\/\/www.bel-etage-projects.com\/wp_be\/wp-json\/wp\/v2\/pages\/41\/revisions\/367"}],"up":[{"embeddable":true,"href":"http:\/\/www.bel-etage-projects.com\/wp_be\/wp-json\/wp\/v2\/pages\/66"}],"wp:attachment":[{"href":"http:\/\/www.bel-etage-projects.com\/wp_be\/wp-json\/wp\/v2\/media?parent=41"}],"curies":[{"name":"wp","href":"https:\/\/api.w.org\/{rel}","templated":true}]}}