{"id":358,"date":"2017-02-26T17:44:44","date_gmt":"2017-02-26T17:44:44","guid":{"rendered":"http:\/\/www.bel-etage-projects.com\/wp_be\/?page_id=358"},"modified":"2021-10-29T16:23:42","modified_gmt":"2021-10-29T16:23:42","slug":"2015-2","status":"publish","type":"page","link":"http:\/\/www.bel-etage-projects.com\/wp_be\/exhibitions\/2015-2\/","title":{"rendered":"2016"},"content":{"rendered":"<p><a href=\"http:\/\/www.bel-etage-projects.com\/wp_be\/wp-content\/uploads\/2017\/02\/SLUG_II.jpg\" rel=\"lightbox[358]\"><img loading=\"lazy\" decoding=\"async\" class=\"alignnone size-medium wp-image-362\" src=\"http:\/\/www.bel-etage-projects.com\/wp_be\/wp-content\/uploads\/2017\/02\/SLUG_II-212x300.jpg\" alt=\"SLUG_II\" width=\"212\" height=\"300\" srcset=\"http:\/\/www.bel-etage-projects.com\/wp_be\/wp-content\/uploads\/2017\/02\/SLUG_II-212x300.jpg 212w, http:\/\/www.bel-etage-projects.com\/wp_be\/wp-content\/uploads\/2017\/02\/SLUG_II-768x1089.jpg 768w, http:\/\/www.bel-etage-projects.com\/wp_be\/wp-content\/uploads\/2017\/02\/SLUG_II-722x1024.jpg 722w, http:\/\/www.bel-etage-projects.com\/wp_be\/wp-content\/uploads\/2017\/02\/SLUG_II.jpg 875w\" sizes=\"auto, (max-width: 212px) 100vw, 212px\" \/><\/a><\/p>\n<h1>SLUG BAIT &#8211; building facades &amp; public space, Rosa-Luxemburg-Platz<\/h1>\n<p>K\u00fcnstlerische Praxis am Schnittpunkt zwischen Kunst und diversen \u00d6ffentlichkeiten.<br \/>\nDie K\u00fcnstler in der Ausstellung beziehen sich auf eine lange Geschichte der k\u00fcnstlerischen Praxis, wo der Ort der Unterbringung untrennbar ist von dem Kunstst\u00fcck selbst. Hier wird der Innenraum der Geb\u00e4ude dem Aussenraum der selben Geb\u00e4ude (die Fassade) gegen\u00fcber gestellt. Auch der \u00f6ffentliche Freiraum (die Strasse) wird mit dem privatem Freiraum konfrontiert.<br \/>\nDie Inanspruchnahme von Grund-, Bau-, Raum &#8211; st\u00fccken ist gew\u00f6hnlich ein M\u00e4rchen von dem kleinem individuellen Kampf gegen einem gr\u00f6\u00dferem System, welche dann oft erleidet schwere Niederlagen. Es ist verf\u00fchrerisch einer Standortbestimmung nachzugehen. Wo situieren sich die K\u00fcnstlerlnnen (?), zwischen geschickter Selbstvermarktung und sozialem Bewusstsein, an den R\u00e4ndern des Kunstsystems oder mittendrin?<br \/>\nIst der Ausbruch aus den musealen Hallen nur eine Ausdehnung der Museumsmauern, eine werbetr\u00e4chtige Ausstellungsstrategie unter vielen, im Zuge der Eventkultur?<br \/>\nWie hat sich die orts- und kontextspezifische Kunst in einer hochmediatisierten Zeit<br \/>\nver\u00e4ndert, in der virtuelle Welten und reale Orte und K\u00f6rper nahtlos ineinander \u00fcbergehen?<\/p>\n<p>Wird Kunst auch von Nicht-Insidern wahrgenommen und gesch\u00e4tzt, nur weil sie auf dem Weg liegt?<\/p>\n","protected":false},"excerpt":{"rendered":"<p>SLUG BAIT &#8211; building facades &amp; public space, Rosa-Luxemburg-Platz K\u00fcnstlerische Praxis am Schnittpunkt zwischen Kunst und diversen \u00d6ffentlichkeiten. Die K\u00fcnstler in der Ausstellung beziehen sich auf eine lange Geschichte der k\u00fcnstlerischen Praxis, wo der Ort der Unterbringung untrennbar ist von dem Kunstst\u00fcck selbst. Hier wird der Innenraum der Geb\u00e4ude dem Aussenraum der selben Geb\u00e4ude (die [&hellip;]<\/p>\n","protected":false},"author":2,"featured_media":0,"parent":6,"menu_order":14,"comment_status":"closed","ping_status":"closed","template":"","meta":{"footnotes":""},"class_list":["post-358","page","type-page","status-publish","hentry"],"_links":{"self":[{"href":"http:\/\/www.bel-etage-projects.com\/wp_be\/wp-json\/wp\/v2\/pages\/358","targetHints":{"allow":["GET"]}}],"collection":[{"href":"http:\/\/www.bel-etage-projects.com\/wp_be\/wp-json\/wp\/v2\/pages"}],"about":[{"href":"http:\/\/www.bel-etage-projects.com\/wp_be\/wp-json\/wp\/v2\/types\/page"}],"author":[{"embeddable":true,"href":"http:\/\/www.bel-etage-projects.com\/wp_be\/wp-json\/wp\/v2\/users\/2"}],"replies":[{"embeddable":true,"href":"http:\/\/www.bel-etage-projects.com\/wp_be\/wp-json\/wp\/v2\/comments?post=358"}],"version-history":[{"count":7,"href":"http:\/\/www.bel-etage-projects.com\/wp_be\/wp-json\/wp\/v2\/pages\/358\/revisions"}],"predecessor-version":[{"id":565,"href":"http:\/\/www.bel-etage-projects.com\/wp_be\/wp-json\/wp\/v2\/pages\/358\/revisions\/565"}],"up":[{"embeddable":true,"href":"http:\/\/www.bel-etage-projects.com\/wp_be\/wp-json\/wp\/v2\/pages\/6"}],"wp:attachment":[{"href":"http:\/\/www.bel-etage-projects.com\/wp_be\/wp-json\/wp\/v2\/media?parent=358"}],"curies":[{"name":"wp","href":"https:\/\/api.w.org\/{rel}","templated":true}]}}