{"id":107,"date":"2014-04-25T07:53:50","date_gmt":"2014-04-25T07:53:50","guid":{"rendered":"http:\/\/www.bel-etage-projects.com\/wp_be\/?page_id=107"},"modified":"2014-04-25T07:53:50","modified_gmt":"2014-04-25T07:53:50","slug":"artists","status":"publish","type":"page","link":"http:\/\/www.bel-etage-projects.com\/wp_be\/exhibitions\/2009-2\/artists\/","title":{"rendered":"ARTISTS"},"content":{"rendered":"<div class=\"entry\">\n<p>DIRK BELL,<\/p>\n<p>MICHAEL BEUTLER,<\/p>\n<p>AGNIESZKA BRZE\u017bANSKA,<\/p>\n<p>TATJANA DOLL,<\/p>\n<p>MARKUS DRAPER,<\/p>\n<p>EBERHARD HAVEKOST,<\/p>\n<p>ANDREAS HOFER,<\/p>\n<p>RENATA KAMINSKA,<\/p>\n<p>ROBERT KU\u015aMIROWSKI,<\/p>\n<p>JOEP VAN LIEFLAND,<\/p>\n<p>ALEXEJ MESCHTSCHANOW,<\/p>\n<p>FRANK NITSCHE,<\/p>\n<p>DANIEL PFLUMM,<\/p>\n<p>J\u00d3ZEF ROBAKOWSKI,<\/p>\n<p>DAVIS SHRIGLEY,<\/p>\n<p>SUSE WEBER<\/p>\n<\/div>\n","protected":false},"excerpt":{"rendered":"<p>DIRK BELL, MICHAEL BEUTLER, AGNIESZKA BRZE\u017bANSKA, TATJANA DOLL, MARKUS DRAPER, EBERHARD HAVEKOST, ANDREAS HOFER, RENATA KAMINSKA, ROBERT KU\u015aMIROWSKI, JOEP VAN LIEFLAND, ALEXEJ MESCHTSCHANOW, FRANK NITSCHE, DANIEL PFLUMM, J\u00d3ZEF ROBAKOWSKI, DAVIS SHRIGLEY, SUSE WEBER<\/p>\n","protected":false},"author":3,"featured_media":0,"parent":12,"menu_order":2,"comment_status":"closed","ping_status":"closed","template":"","meta":{"footnotes":""},"class_list":["post-107","page","type-page","status-publish","hentry"],"_links":{"self":[{"href":"http:\/\/www.bel-etage-projects.com\/wp_be\/wp-json\/wp\/v2\/pages\/107","targetHints":{"allow":["GET"]}}],"collection":[{"href":"http:\/\/www.bel-etage-projects.com\/wp_be\/wp-json\/wp\/v2\/pages"}],"about":[{"href":"http:\/\/www.bel-etage-projects.com\/wp_be\/wp-json\/wp\/v2\/types\/page"}],"author":[{"embeddable":true,"href":"http:\/\/www.bel-etage-projects.com\/wp_be\/wp-json\/wp\/v2\/users\/3"}],"replies":[{"embeddable":true,"href":"http:\/\/www.bel-etage-projects.com\/wp_be\/wp-json\/wp\/v2\/comments?post=107"}],"version-history":[{"count":1,"href":"http:\/\/www.bel-etage-projects.com\/wp_be\/wp-json\/wp\/v2\/pages\/107\/revisions"}],"predecessor-version":[{"id":108,"href":"http:\/\/www.bel-etage-projects.com\/wp_be\/wp-json\/wp\/v2\/pages\/107\/revisions\/108"}],"up":[{"embeddable":true,"href":"http:\/\/www.bel-etage-projects.com\/wp_be\/wp-json\/wp\/v2\/pages\/12"}],"wp:attachment":[{"href":"http:\/\/www.bel-etage-projects.com\/wp_be\/wp-json\/wp\/v2\/media?parent=107"}],"curies":[{"name":"wp","href":"https:\/\/api.w.org\/{rel}","templated":true}]}}